{"id":47,"date":"2019-02-18T13:23:02","date_gmt":"2019-02-18T12:23:02","guid":{"rendered":"https:\/\/energie-reiki.fr\/?page_id=47"},"modified":"2021-07-02T14:29:37","modified_gmt":"2021-07-02T13:29:37","slug":"qui-suis-je","status":"publish","type":"page","link":"https:\/\/energie-reiki.fr\/?page_id=47","title":{"rendered":"Qui suis-je ?"},"content":{"rendered":"<p>&nbsp;<\/p>\n<p>Originaire de l\u2019Est de la France (Lorraine), c\u2019est aujourd\u2019hui en Normandie, plus pr\u00e9cis\u00e9ment \u00e0 Bois Arnault,<br \/>\ndans le d\u00e9partement de l\u2019Eure, que j\u2019habite et exerce mon m\u00e9tier.<br \/>\nPetite fille d\u00e9j\u00e0 tr\u00e8s intuitive, proche des animaux et de la nature, je pratiquais naturellement le magn\u00e9tisme sur ceux qui m\u2019entouraient<br \/>\net m\u2019int\u00e9ressais tr\u00e8s t\u00f4t \u00e0 tout ce qui se rapportait aux soins au naturel, la communication avec l\u2019invisible, les pouvoirs du subconscient, la pens\u00e9e cr\u00e9atrice \u2026<img loading=\"lazy\" decoding=\"async\" class=\"wp-image-439 size-medium alignright\" src=\"https:\/\/energie-reiki.fr\/wp-content\/uploads\/2021\/07\/portrait-225x300.jpg\" alt=\"\" width=\"225\" height=\"300\" \/><\/p>\n<p>J&rsquo;ai donc naturellement \u00e9t\u00e9 appel\u00e9e \u00e0 me diriger vers les soins \u00e9nerg\u00e9tiques dans un 1er temps, puis \u00e0 compl\u00e9ter et approfondir mes connaissances dans d&rsquo;autres domaines tels que l&rsquo;Hypnose, le Coaching et l&rsquo;accompagnement th\u00e9rapeutique.<br \/>\nConsid\u00e9rant qu&rsquo;il est important d&rsquo;aborder la personne qui vient consulter dans son ensemble, avec son histoire, ses blessures, ses \u00e9v\u00e8nements de vie, ses habitudes, ses chocs \u00e9motionnels, tout ce qui fait qu&rsquo;elle est une personne unique et non comme un num\u00e9ro ou de la d\u00e9finir par quelques sympt\u00f4mes, il m&rsquo;ait apparu absolument n\u00e9cessaire d&rsquo;enrichir mes comp\u00e9tences dans d&rsquo;autres domaines \u00e9galement afin d&rsquo;\u00eatre capable de proposer le meilleur accompagnement possible \u00e0 la personne qui passe ma porte en fonction de ses sensibilit\u00e9s.<br \/>\nIl n&rsquo;y a pas qu&rsquo;une voie de th\u00e9rapie il y en a des milliers et j&rsquo;aime \u00e0 d\u00e9finir avec le consultant celle(s) qui vont lui convenir le mieux afin d&rsquo;obtenir des r\u00e9sultats rapides et probants.<br \/>\nAussi, chaque accompagnement est un voyage diff\u00e9rent puisque qu&rsquo;il n&rsquo;existe pas 2 personnes identiques.<\/p>\n<p>Une maladie, un mal-\u00eatre peuvent \u00eatre enray\u00e9s via des m\u00e9dicaments (c&rsquo;est le r\u00f4le de votre m\u00e9decin, pas le mien) mais de mon point de vue, il est tr\u00e8s important d&rsquo;aller chercher le mal \u00e0 la racine afin de r\u00e9gler le probl\u00e8me \u00e0 sa source pour \u00e9viter de se retrouver face \u00e0 des sch\u00e9mas r\u00e9currents de maladie \u00e0 r\u00e9p\u00e9titions, de d\u00e9pressions, de comportement inad\u00e9quats qui reviennent vous pourrir la vie encore et encore quelques mois, ann\u00e9es plus tard &#8230;<br \/>\nLe m\u00e9decin est l\u00e0 pour vous gu\u00e9rir, moi, pour vous accompagner sur ce chemin de gu\u00e9rison, puis d&rsquo;\u00e9viter que le sch\u00e9ma recommence et vous permettre de continuer d&rsquo;avancer.<\/p>\n<p>Vous l&rsquo;aurez compris, je consid\u00e8re l&rsquo;humain dans sa globalit\u00e9 (approche holistique).<br \/>\nDe la m\u00eame fa\u00e7on, prendre le temps pour chaque personne est pour moi, indispensable.<br \/>\nDe ce fait je ne surcharge pas le carnet de rendez-vous, pr\u00e9f\u00e9rant la qualit\u00e9 du service \u00e0 la quantit\u00e9 de personnes qui viennent consulter.<\/p>\n<p>Pour finir, j&rsquo;ai acquis une solide exp\u00e9rience dans la d\u00e9tection et l&rsquo;accompagnement des personnes dites \u00ab\u00a0Haut-potentiels\u00a0\u00bb, \u00ab\u00a0Z\u00e8bres\u00a0\u00bb ou encore \u00ab\u00a0Surdou\u00e9es\u00a0\u00bb, leur permettant ainsi d&rsquo;aller vers l&rsquo;acceptation de leur douance, la compr\u00e9hension de leurs diff\u00e9rences\/syst\u00e8me de fonctionnement, le d\u00e9veloppement de leur plein potentiel (retour \u00e0 soi\/d\u00e9couverte du soi et de ses possibilit\u00e9s\/de son champ des possibles) et une meilleure gestion \u00e9motionnelle.<\/p>\n<p>La d\u00e9marche que vous faites en contactant un praticien, qu&rsquo;il le soit en hypnose, soins \u00e9nerg\u00e9tiques, ou toute autre sp\u00e9cialit\u00e9, est avant tout un cadeau que vous vous faites \u00e0 vous-m\u00eame dans le but d&rsquo;aller mieux, de gu\u00e9rir, d&rsquo;avancer, de s&rsquo;\u00e9veiller et de changer durablement.<\/p>\n<p>La plupart des prestations que je propose en pr\u00e9sentiel sont disponibles \u00e9galement en distanciel, que ce soit les consultations, soins \u00e9nerg\u00e9tiques, l&rsquo;hypnose, le d\u00e9veloppement personnel (coaching) ou m\u00eame l&rsquo;initiation au Lahochi, ce qui permet \u00e0 quiconque \u00e9tant en accord avec ma personnalit\u00e9 et mes m\u00e9thodes de me consulter, m\u00eame \u00e0 l&rsquo;autre bout de la France ou \u00e0 l&rsquo;\u00e9tranger, car il est vraiment important de pouvoir choisir la personne qui vous accompagne, se sentir bien, en confiance, pour acc\u00e9der \u00e0 la r\u00e9ussite et non pas \u00eatre contraint d&rsquo;aller au plus proche de chez soi.<\/p>\n<p>Voici une liste non-exhaustives des outils que j&rsquo;utilise au quotidien avec mes consultants :<\/p>\n<ul>\n<li>Reiki<\/li>\n<li>Lahochi<\/li>\n<li>Hypnose Ericksonienne<\/li>\n<li>Hypnose Spirituelle (R\u00e9gressive Quantique &#8211; Evolutive &#8211; PCD &#8211; etc)<\/li>\n<li>Psychog\u00e9n\u00e9alogie<\/li>\n<li>Ouverture de parole\/retour \u00e0 soi<\/li>\n<li>Coaching<\/li>\n<li>Naturopathie<\/li>\n<li>Art Th\u00e9rapie<\/li>\n<\/ul>\n<p>&nbsp;<\/p>\n<p>Je suis membre du SNPER (Syndicat National des Praticiens et Enseignants du Reiki) et par cons\u00e9quent, adh\u00e9rente \u00e0 la charte et au code de d\u00e9ontologie de celui-ci.<\/p>\n<p><img loading=\"lazy\" decoding=\"async\" class=\"size-large wp-image-438 aligncenter\" src=\"https:\/\/energie-reiki.fr\/wp-content\/uploads\/2021\/07\/certificat_praticien-1024x706.jpg\" alt=\"\" width=\"1019\" height=\"703\" srcset=\"https:\/\/energie-reiki.fr\/wp-content\/uploads\/2021\/07\/certificat_praticien-1024x706.jpg 1024w, https:\/\/energie-reiki.fr\/wp-content\/uploads\/2021\/07\/certificat_praticien-300x207.jpg 300w, https:\/\/energie-reiki.fr\/wp-content\/uploads\/2021\/07\/certificat_praticien-768x530.jpg 768w, https:\/\/energie-reiki.fr\/wp-content\/uploads\/2021\/07\/certificat_praticien-507x350.jpg 507w, https:\/\/energie-reiki.fr\/wp-content\/uploads\/2021\/07\/certificat_praticien.jpg 1170w\" sizes=\"auto, (max-width: 1019px) 100vw, 1019px\" \/><\/p>\n<p>&nbsp;<\/p>\n<p style=\"text-align: center;\"><img loading=\"lazy\" decoding=\"async\" class=\"alignnone size-large wp-image-333\" src=\"https:\/\/energie-reiki.fr\/wp-content\/uploads\/2020\/03\/diplome_3reduit-1024x718.jpg\" alt=\"\" width=\"1024\" height=\"718\" srcset=\"https:\/\/energie-reiki.fr\/wp-content\/uploads\/2020\/03\/diplome_3reduit-1024x718.jpg 1024w, https:\/\/energie-reiki.fr\/wp-content\/uploads\/2020\/03\/diplome_3reduit-300x210.jpg 300w, https:\/\/energie-reiki.fr\/wp-content\/uploads\/2020\/03\/diplome_3reduit-768x538.jpg 768w, https:\/\/energie-reiki.fr\/wp-content\/uploads\/2020\/03\/diplome_3reduit-499x350.jpg 499w, https:\/\/energie-reiki.fr\/wp-content\/uploads\/2020\/03\/diplome_3reduit.jpg 1200w\" sizes=\"auto, (max-width: 1024px) 100vw, 1024px\" \/><\/p>\n<p><img loading=\"lazy\" decoding=\"async\" class=\"size-full wp-image-300 aligncenter\" src=\"https:\/\/energie-reiki.fr\/wp-content\/uploads\/2019\/03\/certifreduit.jpg\" alt=\"\" width=\"900\" height=\"586\" srcset=\"https:\/\/energie-reiki.fr\/wp-content\/uploads\/2019\/03\/certifreduit.jpg 900w, https:\/\/energie-reiki.fr\/wp-content\/uploads\/2019\/03\/certifreduit-300x195.jpg 300w, https:\/\/energie-reiki.fr\/wp-content\/uploads\/2019\/03\/certifreduit-768x500.jpg 768w, https:\/\/energie-reiki.fr\/wp-content\/uploads\/2019\/03\/certifreduit-538x350.jpg 538w\" sizes=\"auto, (max-width: 900px) 100vw, 900px\" \/><\/p>\n<p style=\"text-align: center;\"><img loading=\"lazy\" decoding=\"async\" class=\"alignnone size-large wp-image-415\" src=\"https:\/\/energie-reiki.fr\/wp-content\/uploads\/2020\/04\/dipl\u00f4me-hypnose-1024x726.jpg\" alt=\"\" width=\"1024\" height=\"726\" srcset=\"https:\/\/energie-reiki.fr\/wp-content\/uploads\/2020\/04\/dipl\u00f4me-hypnose-1024x726.jpg 1024w, https:\/\/energie-reiki.fr\/wp-content\/uploads\/2020\/04\/dipl\u00f4me-hypnose-300x213.jpg 300w, https:\/\/energie-reiki.fr\/wp-content\/uploads\/2020\/04\/dipl\u00f4me-hypnose-768x545.jpg 768w, https:\/\/energie-reiki.fr\/wp-content\/uploads\/2020\/04\/dipl\u00f4me-hypnose-493x350.jpg 493w\" sizes=\"auto, (max-width: 1024px) 100vw, 1024px\" \/><\/p>\n<p><a href=\"https:\/\/www.snper.org\/\" target=\"_blank\" rel=\"noopener noreferrer\"><img loading=\"lazy\" decoding=\"async\" class=\"aligncenter wp-image-195 size-full\" src=\"https:\/\/energie-reiki.fr\/wp-content\/uploads\/2019\/02\/SNPER_logo-rond.png\" alt=\"\" width=\"203\" height=\"203\" srcset=\"https:\/\/energie-reiki.fr\/wp-content\/uploads\/2019\/02\/SNPER_logo-rond.png 203w, https:\/\/energie-reiki.fr\/wp-content\/uploads\/2019\/02\/SNPER_logo-rond-150x150.png 150w\" sizes=\"auto, (max-width: 203px) 100vw, 203px\" \/><\/a><\/p>\n","protected":false},"excerpt":{"rendered":"<p>&nbsp; Originaire de l\u2019Est de la France (Lorraine), c\u2019est aujourd\u2019hui en Normandie, plus pr\u00e9cis\u00e9ment \u00e0 Bois Arnault, dans le d\u00e9partement de l\u2019Eure, que j\u2019habite et &hellip;<\/p>\n","protected":false},"author":1,"featured_media":0,"parent":0,"menu_order":0,"comment_status":"closed","ping_status":"closed","template":"","meta":{"jetpack_post_was_ever_published":false,"footnotes":""},"class_list":["post-47","page","type-page","status-publish","hentry"],"jetpack_sharing_enabled":true,"jetpack_shortlink":"https:\/\/wp.me\/PaJnAX-L","_links":{"self":[{"href":"https:\/\/energie-reiki.fr\/index.php?rest_route=\/wp\/v2\/pages\/47","targetHints":{"allow":["GET"]}}],"collection":[{"href":"https:\/\/energie-reiki.fr\/index.php?rest_route=\/wp\/v2\/pages"}],"about":[{"href":"https:\/\/energie-reiki.fr\/index.php?rest_route=\/wp\/v2\/types\/page"}],"author":[{"embeddable":true,"href":"https:\/\/energie-reiki.fr\/index.php?rest_route=\/wp\/v2\/users\/1"}],"replies":[{"embeddable":true,"href":"https:\/\/energie-reiki.fr\/index.php?rest_route=%2Fwp%2Fv2%2Fcomments&post=47"}],"version-history":[{"count":21,"href":"https:\/\/energie-reiki.fr\/index.php?rest_route=\/wp\/v2\/pages\/47\/revisions"}],"predecessor-version":[{"id":440,"href":"https:\/\/energie-reiki.fr\/index.php?rest_route=\/wp\/v2\/pages\/47\/revisions\/440"}],"wp:attachment":[{"href":"https:\/\/energie-reiki.fr\/index.php?rest_route=%2Fwp%2Fv2%2Fmedia&parent=47"}],"curies":[{"name":"wp","href":"https:\/\/api.w.org\/{rel}","templated":true}]}}