{"id":350,"date":"2020-03-13T18:32:10","date_gmt":"2020-03-13T17:32:10","guid":{"rendered":"https:\/\/energie-reiki.fr\/?page_id=350"},"modified":"2020-03-24T16:21:28","modified_gmt":"2020-03-24T15:21:28","slug":"guidance-spirituelle","status":"publish","type":"page","link":"https:\/\/energie-reiki.fr\/?page_id=350","title":{"rendered":"Guidance spirituelle"},"content":{"rendered":"<h4>Qu\u2019est ce que la guidance spirituelle\u00a0?<\/h4>\n<p>Souvent confondue avec la voyance, son but n\u2019est pourtant pas du tout le m\u00eame.<br \/>\nL\u00e0 o\u00f9 la voyance va vous donner des points sur ce qui va vous arriver notamment via des \u00ab\u00a0flashs\u00a0\u00bb, la guidance est, comme son nom l\u2019indique l\u00e0 pour vous guider au mieux dans la vie et les choix qui s\u2019offrent \u00e0 vous.<br \/>\nElle est l\u00e0 pour vous \u00e9clairer sur la meilleure voie \u00e0 suivre, peu importe le domaine dans lequel vous vous posez des questions, qu\u2019il soit relatif \u00e0 l\u2019amour, au travail, aux finances, \u00e0 votre chemin de vie, vos comp\u00e9tences ou \u00e0 bien d\u2019autres domaines<br \/>\nElle est l\u00e0 pour appuyer vos d\u00e9cisions, vos envies ou au contraire vous avertir que votre choix n\u2019est peut-\u00eatre pas le bon et dans ce cas vous aiguiller sur l\u2019itin\u00e9raire \u00e0 emprunter.<\/p>\n<p>Pour bien faire le distinguo avec la voyance, dont le type de question r\u00e9currente est \u00ab\u00a0que va -t\u2019il m\u2019arriver dans tel ou tel domaine\u00a0?\u00a0\u00bb, voici le type de questionnements auxquels la guidance va r\u00e9pondre (non exhaustif)\u00a0:<\/p>\n<ul>\n<li>Je ne me sens plus \u00e0 l\u2019aise dans mon travail, est-ce raisonnable pour moi de le quitter maintenant pour lancer mon entreprise\u00a0?<\/li>\n<li>Je ne suis plus heureux avec ma conjointe, quelle est la meilleure voie \u00e0 suivre\u00a0?<\/li>\n<li>Je projette d\u2019acheter un bien immobilier dans l\u2019ann\u00e9e, pensez vous que ce soit faisable et raisonnable de le faire\u00a0?<\/li>\n<li>Je m\u2019int\u00e9resse \u00e0 diverses possibilit\u00e9s de travail mais je suis perdu, quelle est la voie la plus juste pour moi\u00a0?<\/li>\n<li>Ai-je des dons\u00a0? et comment les exploiter au mieux\u00a0?<\/li>\n<li>Je ne suis pas \u00e0 l\u2019aise avec ma vie actuelle, je souhaite du changement mais je n\u2019ai aucune id\u00e9e vers quoi je dois me tourner et comment commencer. Pouvez-vous m\u2019\u00e9clairer\u00a0?<\/li>\n<li>Pouvez-vous me dire si ce que je projette de faire est viable\/juste pour moi\u00a0?<\/li>\n<li>Je vais m\u2019engager avec cette personne, est-elle bien pour moi ?<\/li>\n<\/ul>\n<p>&nbsp;<\/p>\n<h4>Comment se passe une consultation ?<\/h4>\n<p>Toutes les consultations ne se font que sur RDV, que ce soit en pr\u00e9sentiel ou \u00e0 distance.<br \/>\nJe ne re\u00e7ois en pr\u00e9sentiel que pour des consultations compl\u00e8tes d\u2019une heure \u00e0 1h30.<\/p>\n<p>La guidance est faite avec ou sans support (oracles) selon la probl\u00e9matique abord\u00e9e.<\/p>\n<p>Les consultations \u00e0 distance doivent imp\u00e9rativement \u00eatre r\u00e9gl\u00e9es avant le RDV (CB par PayPal, virement ou ch\u00e8que).<\/p>\n<p>Nous pouvons aborder un ou plusieurs sujets lors de la m\u00eame consultation.<br \/>\nJe ne r\u00e9pond pas aux questions qui concernent les jeux de hasard, la maladie et le d\u00e9c\u00e8s \u2026<\/p>\n<p>Vous restez seul ma\u00eetre de votre destin et de la voie \u00e0 suivre ou non une fois la guidance effectu\u00e9e.<\/p>\n<p>&nbsp;<\/p>\n<h4>Tarifs<\/h4>\n<p>Par t\u00e9l\u00e9phone\/Skype :<\/p>\n<ul>\n<li>1 question\/domaine (environ 15mns)\u00a0: 25\u20ac<\/li>\n<li>2 questions\/domaines (environ 30mns)\u00a0: 45\u20ac<\/li>\n<li>Consultation compl\u00e8te d\u2019une heure\u00a0: 70\u20ac<\/li>\n<\/ul>\n<p>En pr\u00e9sentiel (consultation compl\u00e8te d\u20191h \u00e0 1h30)\u00a0: 85\u20ac<\/p>\n","protected":false},"excerpt":{"rendered":"<p>Qu\u2019est ce que la guidance spirituelle\u00a0? Souvent confondue avec la voyance, son but n\u2019est pourtant pas du tout le m\u00eame. L\u00e0 o\u00f9 la voyance va &hellip;<\/p>\n","protected":false},"author":1,"featured_media":0,"parent":0,"menu_order":0,"comment_status":"closed","ping_status":"closed","template":"","meta":{"jetpack_post_was_ever_published":false,"footnotes":""},"class_list":["post-350","page","type-page","status-publish","hentry"],"jetpack_sharing_enabled":true,"jetpack_shortlink":"https:\/\/wp.me\/PaJnAX-5E","_links":{"self":[{"href":"https:\/\/energie-reiki.fr\/index.php?rest_route=\/wp\/v2\/pages\/350","targetHints":{"allow":["GET"]}}],"collection":[{"href":"https:\/\/energie-reiki.fr\/index.php?rest_route=\/wp\/v2\/pages"}],"about":[{"href":"https:\/\/energie-reiki.fr\/index.php?rest_route=\/wp\/v2\/types\/page"}],"author":[{"embeddable":true,"href":"https:\/\/energie-reiki.fr\/index.php?rest_route=\/wp\/v2\/users\/1"}],"replies":[{"embeddable":true,"href":"https:\/\/energie-reiki.fr\/index.php?rest_route=%2Fwp%2Fv2%2Fcomments&post=350"}],"version-history":[{"count":3,"href":"https:\/\/energie-reiki.fr\/index.php?rest_route=\/wp\/v2\/pages\/350\/revisions"}],"predecessor-version":[{"id":409,"href":"https:\/\/energie-reiki.fr\/index.php?rest_route=\/wp\/v2\/pages\/350\/revisions\/409"}],"wp:attachment":[{"href":"https:\/\/energie-reiki.fr\/index.php?rest_route=%2Fwp%2Fv2%2Fmedia&parent=350"}],"curies":[{"name":"wp","href":"https:\/\/api.w.org\/{rel}","templated":true}]}}