{"id":347,"date":"2020-03-13T18:31:46","date_gmt":"2020-03-13T17:31:46","guid":{"rendered":"https:\/\/energie-reiki.fr\/?page_id=347"},"modified":"2021-07-02T17:15:54","modified_gmt":"2021-07-02T16:15:54","slug":"accompagnement-liens-karmiques","status":"publish","type":"page","link":"https:\/\/energie-reiki.fr\/?page_id=347","title":{"rendered":"Hypnose"},"content":{"rendered":"<h2 style=\"text-align: center;\">Hypnose<\/h2>\n<p>&nbsp;<\/p>\n<p style=\"text-align: left;\">Ma pratique de l&rsquo;Hypnose diff\u00e8re quelque peu de celle de beaucoup de praticiens.<br \/>\nJe me consacre uniquement \u00e0 un type d&rsquo;hypnose que l&rsquo;on nomme \u00ab\u00a0l&rsquo;hypnose spirituelle\u00a0\u00bb, qui est une discipline large permettant de nombreuses possibilit\u00e9s telles que :<\/p>\n<ul>\n<li>L&rsquo;exploration de ses vies ant\u00e9rieures et entre-vies (voyage touristique) via l&rsquo;hypnose r\u00e9gressive<\/li>\n<li>Le sour\u00e7age de m\u00e9moires n\u00e9gatives\/lib\u00e9ration de celles-ci et mises en lumi\u00e8re de m\u00e9moires positives et comp\u00e9tences acquises dans cette vie ou ses vies ant\u00e9rieures via l&rsquo;hypnose \u00e9volutive<\/li>\n<li>La communication avec les d\u00e9funts via la PCD (Processus Hypno-\u00e9volutif de communication avec les d\u00e9funts)<\/li>\n<li>L&rsquo;exploration des annales Akashiques<\/li>\n<li>La compr\u00e9hension et\/ou ren\u00e9gociation du chemin de vie<\/li>\n<li>La lib\u00e9ration\/n\u00e9gociations des contrats d&rsquo;\u00e2mes<\/li>\n<li>La r\u00e9paration Karmique via le pardon<\/li>\n<li>La r\u00e9actualisation de ressources (sour\u00e7age dans les vies ant\u00e9rieures)<\/li>\n<li>La guidance spirituelle (communication avec vos guides)<\/li>\n<li>La lib\u00e9ration d&rsquo;\u00e2mes (lib\u00e9ration de parasitages \u00e9nerg\u00e9tiques qui polluent le quotidien)<\/li>\n<li>Le protocole de d\u00e9senvoutement (nettoyage et protection)<\/li>\n<\/ul>\n<p>&nbsp;<\/p>\n<p><em><strong>Avant tout RDV je conviens avec vous d&rsquo;un \u00ab\u00a0pr\u00e9-RDV\u00a0\u00bb en visio afin de m&rsquo;assurer de vos attentes, vous expliquer le fonctionnement et \u00e9galement v\u00e9rifier avec vous que vous remplissez les conditions n\u00e9cessaires et indispensables \u00e0 une s\u00e9ance \u00e0 distance (Visio) sans quoi le RDV ne pourrait avoir lieu.<\/strong><\/em><br \/>\n<em><strong>Une s\u00e9ance dure en moyenne 2 heures et le tarif est de 120\u20ac<\/strong><\/em><br \/>\n<em><strong>Il est possible de faire des s\u00e9ances plus longues mais cela peut \u00eatre particuli\u00e8rement fatiguant.<br \/>\nDe m\u00eame, sur certaines prestations, \u00eatre \u00e9motionnellement tr\u00e8s intense !<br \/>\nAussi je pr\u00e9f\u00e8re fixer un nouveau RDV pour une nouvelle s\u00e9ance que de faire plusieurs heures d&rsquo;affil\u00e9es.<\/strong><\/em><\/p>\n<p>Le r\u00e8glement se fait en amont, lors de la prise de RDV via CB (SumUp ou PayPal), ch\u00e8que ou virement<\/p>\n","protected":false},"excerpt":{"rendered":"<p>Hypnose &nbsp; Ma pratique de l&rsquo;Hypnose diff\u00e8re quelque peu de celle de beaucoup de praticiens. Je me consacre uniquement \u00e0 un type d&rsquo;hypnose que l&rsquo;on &hellip;<\/p>\n","protected":false},"author":1,"featured_media":0,"parent":0,"menu_order":0,"comment_status":"closed","ping_status":"closed","template":"","meta":{"jetpack_post_was_ever_published":false,"footnotes":""},"class_list":["post-347","page","type-page","status-publish","hentry"],"jetpack_sharing_enabled":true,"jetpack_shortlink":"https:\/\/wp.me\/PaJnAX-5B","_links":{"self":[{"href":"https:\/\/energie-reiki.fr\/index.php?rest_route=\/wp\/v2\/pages\/347","targetHints":{"allow":["GET"]}}],"collection":[{"href":"https:\/\/energie-reiki.fr\/index.php?rest_route=\/wp\/v2\/pages"}],"about":[{"href":"https:\/\/energie-reiki.fr\/index.php?rest_route=\/wp\/v2\/types\/page"}],"author":[{"embeddable":true,"href":"https:\/\/energie-reiki.fr\/index.php?rest_route=\/wp\/v2\/users\/1"}],"replies":[{"embeddable":true,"href":"https:\/\/energie-reiki.fr\/index.php?rest_route=%2Fwp%2Fv2%2Fcomments&post=347"}],"version-history":[{"count":6,"href":"https:\/\/energie-reiki.fr\/index.php?rest_route=\/wp\/v2\/pages\/347\/revisions"}],"predecessor-version":[{"id":450,"href":"https:\/\/energie-reiki.fr\/index.php?rest_route=\/wp\/v2\/pages\/347\/revisions\/450"}],"wp:attachment":[{"href":"https:\/\/energie-reiki.fr\/index.php?rest_route=%2Fwp%2Fv2%2Fmedia&parent=347"}],"curies":[{"name":"wp","href":"https:\/\/api.w.org\/{rel}","templated":true}]}}