{"id":345,"date":"2020-03-13T18:30:44","date_gmt":"2020-03-13T17:30:44","guid":{"rendered":"https:\/\/energie-reiki.fr\/?page_id=345"},"modified":"2021-07-02T14:55:00","modified_gmt":"2021-07-02T13:55:00","slug":"coaching-developpement-personnel","status":"publish","type":"page","link":"https:\/\/energie-reiki.fr\/?page_id=345","title":{"rendered":"Coaching d\u00e9veloppement personnel"},"content":{"rendered":"<h4>Pourquoi faire appel \u00e0 un coach bien-\u00eatre\/coach de vie\u00a0?<\/h4>\n<p>De nombreux maux, qu\u2019ils soient physiques ou moraux sont tr\u00e8s souvent directement li\u00e9s aux \u00e9motions pr\u00e9sentes ou pass\u00e9es, refoul\u00e9es, au v\u00e9cu de la personne. Il en va de m\u00eame avec les situations r\u00e9currentes de la vie, telles que des \u00e9checs amoureux (\u00ab\u00a0pourquoi je rencontre syst\u00e9matiquement le m\u00eame genre de personne\u00a0\u00bb), les conflits au travail, une situation financi\u00e8re qui n\u2019arrive jamais \u00e0 se stabiliser.<\/p>\n<p>Nous avons tous tendance \u00e0 rejouer sans cesse des sc\u00e8nes du pass\u00e9 sans jamais r\u00e9ussir \u00e0 se sortir d\u00e9finitivement de ce cercle vicieux. Nous ne voyons pas forc\u00e9ment o\u00f9 est le n\u0153ud du probl\u00e8me et rejetons la plupart du temps la faute sur les autres, \u00ab\u00a0Dieu\u00a0\u00bb, un mauvais karma, une nature profonde en nous qu\u2019on pense ne pas pouvoir changer, etc<\/p>\n<p>Les maux physiques s\u2019expriment souvent lorsque votre \u00eatre, malgr\u00e9 tous les avertissements re\u00e7us, n\u2019a pas \u00e9t\u00e9 entendu ni travaill\u00e9. On connait tous le fameux \u00ab\u00a0le mal \u00e0 dit = maladie\u00a0\u00bb<\/p>\n<p>Je pars du principe qu\u2019il est bien de donner un poisson \u00e0 une personne qui a faim mais qu\u2019il est encore mieux de lui apprendre \u00e0 p\u00e9cher afin qu\u2019elle puisse se nourrir d\u2019elle-m\u00eame le restant de sa vie.<\/p>\n<p>C\u2019est mon approche du coaching bien-\u00eatre.<\/p>\n<h4>Qu\u2019est-ce qu\u2019un coach bien-\u00eatre\/un coach de vie\u00a0?<\/h4>\n<p>La mission de coach est d\u2019apporter une main tendue, une \u00e9coute, un accompagnement, des conseils et exercices personnalis\u00e9s aux personnes d\u00e9sirant avancer dans la vie, se sentir mieux, avoir une bonne estime de soi, de la confiance en soi, g\u00e9rer leur stress et leur anxi\u00e9t\u00e9, leurs \u00e9motions et leur communication, changer de vie, r\u00e9ussir dans les domaines qu\u2019ils leurs tiennent \u00e0 c\u0153ur.<\/p>\n<p>Le coach n\u2019est pas l\u00e0 pour \u00eatre un ami complaisant, sa mission est de faire \u00e9merger le meilleur de vous-m\u00eame<\/p>\n<p>Il fera n\u00e9anmoins preuve d\u2019une \u00e9coute active et attentive afin de d\u00e9finir avec vous la meilleure strat\u00e9gie \u00e0 adopter.<br \/>\nIl \u00e9tablira un sch\u00e9ma de vos pens\u00e9es limitantes et n\u00e9gatives qui vous emp\u00eachent d\u2019avancer et saura vous proposer les outils indispensables \u00e0 un mieux-\u00eatre rapide et durable mais il ne peut pas agir seul, et ce sera \u00e0 vous d\u2019appliquer ses conseils dans votre vie quotidienne afin que les choses \u00e9voluent positivement.<br \/>\nIl est l\u00e0 pour vous soutenir, vous pousser \u00e0 tenir vos objectifs et vous apporter l\u2019\u00e9nergie positive n\u00e9cessaire afin avancer vers l\u2019avenir, vous donner les cl\u00e9s d\u2019un changement de vie !<br \/>\nIl est un \u0153il ext\u00e9rieur \u00e0 la situation, vous pourrez lui confier vos craintes et vos faiblesses sans crainte d\u2019un quelconque jugement de sa part.<br \/>\nIl sera votre b\u00e9quille dans les moments difficiles et vous aidera \u00e0 aller plus haut, \u00eatre meilleur, plus \u00e9panoui, plus performant, \u00a0\u00e0 lever vos blocages et \u00e0 travailler sur vos sch\u00e9mas de pens\u00e9es, vos \u00e9checs pass\u00e9s, vos douleurs pour avancer enfin vers un avenir serein.<\/p>\n<p>L\u2019accompagnement se fera directement sur le terrain ou \u00e0 distance selon la nature du probl\u00e8me \u00e0 r\u00e9gler et l&rsquo;endroit o\u00f9 vous vivez (Skype\/Messenger\/FaceTime). Une premi\u00e8re entrevue d\u2019une demi-heure \u00e0 une heure gratuite est pr\u00e9vue, dans laquelle nous aborderons tous les points sur lesquels vous souhaitez du changement, et nous verrons par la m\u00eame occasion si nous souhaitons faire ce bout de chemin ensembles. Selon l\u2019importance du travail \u00e0 effectuer mais \u00e9galement votre motivation, le nombre de s\u00e9ances n\u00e9cessaires est variable. Certaines choses pourront \u00eatre r\u00e9gl\u00e9es en 2 s\u00e9ances, d\u2019autres, plus profondes, ou n\u00e9cessitant de travailler sur plusieurs aspects demanderont 10 s\u00e9ances ou plus, d\u2019o\u00f9 l\u2019importance de se rencontrer pour un premier entretien avant de d\u00e9marrer tout accompagnement.<\/p>\n<p>Il est naturellement possible (et m\u00eame souhaitable, mais absolument pas obligatoire) de m\u00ealer des s\u00e9ances de Reiki aux s\u00e9ances de coaching. Cela vous permettra, au moins les premiers temps, d\u2019aborder votre changement de vie avec beaucoup plus de s\u00e9r\u00e9nit\u00e9 et de vous donner l\u2019\u00e9nergie n\u00e9cessaire au changement.<\/p>\n<p>J\u2019interviens aupr\u00e8s du particulier et des entreprises.<br \/>\nEn individuel ou en groupe<\/p>\n<p>&nbsp;<\/p>\n<h4><u>Tarifs Coaching d\u00e9veloppement personnel :<\/u><\/h4>\n<h4>1\u00e8re entrevue sur rendez-vous \u00e0 mon domicile ou via t\u00e9l\u00e9phone\/Skype\/Messenger :<\/h4>\n<p>Gratuit (Attention aucun accompagnement ne se fait \u00e0 ce stade, il s\u2019agit simplement d\u2019une prise de contact pour faire connaissance, de l\u2019\u00e9tablissement d\u2019un bilan de ce dont vous recherchez\/avez besoin et \u00e9ventuellement d\u2019un devis)<\/p>\n<h5><strong>En fonction de la ou des probl\u00e9matiques \u00e0 traiter le prix d&rsquo;une s\u00e9ance peut varier de 50 \u00e0 90\u20ac.<\/strong><\/h5>\n<p>Dans tous les cas, au del\u00e0 de la s\u00e9ance unique et\/ou \u00e9pisodique, un devis sera propos\u00e9.<br \/>\nCette prestation est disponible en pr\u00e9sentiel ou distanciel.<\/p>\n<p>&nbsp;<\/p>\n<p>Pour tous les coachings en d\u00e9placement au-del\u00e0 de 5km, des frais kilom\u00e9triques s\u2019appliquent en plus (n&rsquo;h\u00e9sitez pas \u00e0 envoyer un message pour avoir plus de d\u00e9tails sur les frais kilom\u00e9triques)<\/p>\n","protected":false},"excerpt":{"rendered":"<p>Pourquoi faire appel \u00e0 un coach bien-\u00eatre\/coach de vie\u00a0? De nombreux maux, qu\u2019ils soient physiques ou moraux sont tr\u00e8s souvent directement li\u00e9s aux \u00e9motions pr\u00e9sentes &hellip;<\/p>\n","protected":false},"author":1,"featured_media":0,"parent":0,"menu_order":0,"comment_status":"closed","ping_status":"closed","template":"","meta":{"jetpack_post_was_ever_published":false,"footnotes":""},"class_list":["post-345","page","type-page","status-publish","hentry"],"jetpack_sharing_enabled":true,"jetpack_shortlink":"https:\/\/wp.me\/PaJnAX-5z","_links":{"self":[{"href":"https:\/\/energie-reiki.fr\/index.php?rest_route=\/wp\/v2\/pages\/345","targetHints":{"allow":["GET"]}}],"collection":[{"href":"https:\/\/energie-reiki.fr\/index.php?rest_route=\/wp\/v2\/pages"}],"about":[{"href":"https:\/\/energie-reiki.fr\/index.php?rest_route=\/wp\/v2\/types\/page"}],"author":[{"embeddable":true,"href":"https:\/\/energie-reiki.fr\/index.php?rest_route=\/wp\/v2\/users\/1"}],"replies":[{"embeddable":true,"href":"https:\/\/energie-reiki.fr\/index.php?rest_route=%2Fwp%2Fv2%2Fcomments&post=345"}],"version-history":[{"count":6,"href":"https:\/\/energie-reiki.fr\/index.php?rest_route=\/wp\/v2\/pages\/345\/revisions"}],"predecessor-version":[{"id":447,"href":"https:\/\/energie-reiki.fr\/index.php?rest_route=\/wp\/v2\/pages\/345\/revisions\/447"}],"wp:attachment":[{"href":"https:\/\/energie-reiki.fr\/index.php?rest_route=%2Fwp%2Fv2%2Fmedia&parent=345"}],"curies":[{"name":"wp","href":"https:\/\/api.w.org\/{rel}","templated":true}]}}