{"id":343,"date":"2020-03-13T18:29:41","date_gmt":"2020-03-13T17:29:41","guid":{"rendered":"https:\/\/energie-reiki.fr\/?page_id=343"},"modified":"2020-03-20T16:46:45","modified_gmt":"2020-03-20T15:46:45","slug":"nettoyage-energetique","status":"publish","type":"page","link":"https:\/\/energie-reiki.fr\/?page_id=343","title":{"rendered":"Nettoyage \u00e9nerg\u00e9tique"},"content":{"rendered":"<h4><strong>Nettoyage \u00e9nerg\u00e9tique des lieux<\/strong><\/h4>\n<p>Avez-vous remarqu\u00e9 qu\u2019il y a des lieux o\u00f9 lorsqu\u2019on y entre on se sent de suite tr\u00e8s \u00e0 l\u2019aise ou au contraire tr\u00e8s mal \u00e0 l\u2019aise et\/ou oppress\u00e9\u00a0 ?<\/p>\n<p>Si le malaise est parfois induit par une ou plusieurs entit\u00e9s pr\u00e9sentes dans les lieux, ce n\u2019est pas toujours leur \u0153uvre \u2026<br \/>\nDans bien des cas il s\u2019agit d\u2019un probl\u00e8me d\u2019\u00e9nergies n\u00e9gatives r\u00e9sidentes, ancr\u00e9es sur un lieu lorsque celui-ci a abrit\u00e9 des histoires tristes, violentes, des p\u00e9nuries, des maladies ou, pour le cas de commerces, des faillites.<\/p>\n<p>Les lieux, les murs et les objets ont une m\u00e9moire \u00e9nerg\u00e9tique.<\/p>\n<p>Votre lieu d\u2019habitation (maison\/appartement\/terrain), les meubles et objets, ainsi que votre lieu de travail absorbent les \u00e9nergies (positives ou n\u00e9gatives) qui sont \u00e9mises par les pr\u00e9c\u00e9dents propri\u00e9taires\/r\u00e9sidents et c\u2019est pour cela qu\u2019il convient de proc\u00e9der \u00e0 des nettoyages \u00e9nerg\u00e9tiques et purification de lieux\/d\u2019objets, afin que ceux-ci se voient lib\u00e9r\u00e9s de ces \u00ab\u00a0m\u00e9moires \u00e9nerg\u00e9tiques\u00a0\u00bb et pouvoir retrouver un lieu de vie\/de travail agr\u00e9able et reposant, propices au bien-\u00eatre et \u00e0 la bonne sant\u00e9.<\/p>\n<p>Les vibrations \u00e9mises peuvent parfois aller d\u2019un simple mal-\u00eatre \u00e0 une d\u00e9t\u00e9rioration s\u00e9v\u00e8re de la sant\u00e9 physique\/mentale des nouveaux r\u00e9sidents en fonction de ce qui a \u00e9t\u00e9 v\u00e9cu auparavant sur les lieux et leur dur\u00e9e d\u2019exposition \u00e0 celles-ci.<\/p>\n<p>Si on pense bien \u00e0 passer l\u2019aspirateur, nettoyer ses sols, vitres, faire la poussi\u00e8re, il en va rarement de m\u00eame pour le lieu de vie ou de travail dans sa globalit\u00e9 et pourtant c\u2019est un acte qui devrait \u00eatre syst\u00e9matique lors d\u2019une vente, d\u2019un achat, d\u2019une location afin d\u2019une part de facilit\u00e9s ceux-ci (qui a envie d\u2019acheter, de louer ou de faire affaire avec vous dans un lieu o\u00f9 on se sent mal \u00e0 l\u2019aise en y entrant\u00a0?) et d\u2019autre part que les nouveaux arrivants y vivent en paix , abondance et en bonne sant\u00e9.<\/p>\n<h4><strong>Comment se d\u00e9roule un nettoyage \u00e9nerg\u00e9tique et quel en est le co\u00fbt\u00a0?<\/strong><\/h4>\n<p>&nbsp;<\/p>\n<p>Pour commencer je me d\u00e9place sur les lieux afin d\u2019\u00e9tablir un diagnostic et voir si le malaise ressenti est uniquement d\u00fb aux \u00e9nergies laiss\u00e9es sur le lieu ou si celui-ci comporte des entit\u00e9s.<br \/>\nLe tarif est de 50\u20ac (+ frais kilom\u00e9triques).<\/p>\n<p>Le tarif <strong>de base<\/strong> pour une harmonisation d\u2019un lieu de moins de 100m2, sans pr\u00e9sence d\u2019entit\u00e9 sur celui-ci, est de 70\u20ac, 120\u20ac si il y a pr\u00e9sence d\u2019entit\u00e9.<\/p>\n<p>Il est revu \u00e0 la hausse en fonction de la surface sur laquelle il faut travailler et du nombre d\u2019entit\u00e9s \u00e0 faire partir, c\u2019est pour cela qu\u2019un diagnostic suivi d\u2019un devis sont indispensables.<br \/>\nSi suite au diagnostic et au devis vous optez pour la purification des lieux, le prix du diagnostic sera d\u00e9duit de la facture finale. Dans le cas contraire, il me reste acquis.<\/p>\n<p>Pour le cas o\u00f9 c\u2019est un simple nettoyage \u00e9nerg\u00e9tique \u00ab\u00a0de pr\u00e9vention\u00a0\u00bb demand\u00e9 (moins de 100m2 et sans entit\u00e9s), il sera possible de proc\u00e9der \u00e0 la purification des lieux imm\u00e9diatement lors de ma visite sur place.<br \/>\nDes conseils vous serons \u00e9galement donn\u00e9s pour que les bonnes \u00e9nergies perdurent sur les lieux.<\/p>\n<p><strong><em>N.B : Je ne pratique pas de passage d&rsquo;\u00e2me (retrait des entit\u00e9s des lieux) sans nettoyage \u00e9nerg\u00e9tique\/purification des lieux. Les 2 \u00e9tant pour moi indissociables\u00a0<\/em><\/strong><\/p>\n<p>Pour les professionnels de l\u2019immobilier qui d\u00e9sireraient faire purifier plusieurs biens \u00e0 la suite, il est possible d\u2019\u00e9tablir un forfait global \u00e0 tarif r\u00e9duit pour tous les biens \u00e0 traiter.<br \/>\nN\u2019h\u00e9sitez pas \u00e0 me contacter pour un devis personnalis\u00e9.<\/p>\n","protected":false},"excerpt":{"rendered":"<p>Nettoyage \u00e9nerg\u00e9tique des lieux Avez-vous remarqu\u00e9 qu\u2019il y a des lieux o\u00f9 lorsqu\u2019on y entre on se sent de suite tr\u00e8s \u00e0 l\u2019aise ou au &hellip;<\/p>\n","protected":false},"author":1,"featured_media":0,"parent":0,"menu_order":0,"comment_status":"closed","ping_status":"closed","template":"","meta":{"jetpack_post_was_ever_published":false,"footnotes":""},"class_list":["post-343","page","type-page","status-publish","hentry"],"jetpack_sharing_enabled":true,"jetpack_shortlink":"https:\/\/wp.me\/PaJnAX-5x","_links":{"self":[{"href":"https:\/\/energie-reiki.fr\/index.php?rest_route=\/wp\/v2\/pages\/343","targetHints":{"allow":["GET"]}}],"collection":[{"href":"https:\/\/energie-reiki.fr\/index.php?rest_route=\/wp\/v2\/pages"}],"about":[{"href":"https:\/\/energie-reiki.fr\/index.php?rest_route=\/wp\/v2\/types\/page"}],"author":[{"embeddable":true,"href":"https:\/\/energie-reiki.fr\/index.php?rest_route=\/wp\/v2\/users\/1"}],"replies":[{"embeddable":true,"href":"https:\/\/energie-reiki.fr\/index.php?rest_route=%2Fwp%2Fv2%2Fcomments&post=343"}],"version-history":[{"count":5,"href":"https:\/\/energie-reiki.fr\/index.php?rest_route=\/wp\/v2\/pages\/343\/revisions"}],"predecessor-version":[{"id":392,"href":"https:\/\/energie-reiki.fr\/index.php?rest_route=\/wp\/v2\/pages\/343\/revisions\/392"}],"wp:attachment":[{"href":"https:\/\/energie-reiki.fr\/index.php?rest_route=%2Fwp%2Fv2%2Fmedia&parent=343"}],"curies":[{"name":"wp","href":"https:\/\/api.w.org\/{rel}","templated":true}]}}