{"id":341,"date":"2020-03-13T18:28:31","date_gmt":"2020-03-13T17:28:31","guid":{"rendered":"https:\/\/energie-reiki.fr\/?page_id=341"},"modified":"2020-03-20T15:21:06","modified_gmt":"2020-03-20T14:21:06","slug":"lahochi","status":"publish","type":"page","link":"https:\/\/energie-reiki.fr\/?page_id=341","title":{"rendered":"LaHoChi"},"content":{"rendered":"<h4><strong>Qu\u2019est ce que le LaHoChi\u00a0?<\/strong><\/h4>\n<p>Le LaHoChi est une m\u00e9thode soins non conventionnelle qui se pratique par l\u2019apposition des mains et qui a pour but (entre autres) de stimuler de fa\u00e7on harmonieuse les capacit\u00e9s d\u2019auto-gu\u00e9rison du corps Humain.<br \/>\nElle se rapproche d\u2019autres techniques plus connues comme le magn\u00e9tisme et le Reiki Usui, bien que fondamentalement diff\u00e9rente.<\/p>\n<p>L\u2019enseignement Lahochi a \u00e9t\u00e9 transmis par un ma\u00eetre spirituel du chi \u2013 le Ma\u00eetre LaHoChi \u2013 qui existe dans les Royaumes Ang\u00e9liques aupr\u00e8s du Ma\u00eetre Spirituel \u00ab Satchamar \u00bb, le 15 mai 1991. Leur union \u00e9nerg\u00e9tique a permis d\u2019activer ces \u00e9nergies spirituelles de gu\u00e9rison.<\/p>\n<p>Le LaHoChi est une \u00e9nergie spirituelle aux fr\u00e9quences vibratoires tr\u00e8s \u00e9lev\u00e9es. Elle permet d\u2019acc\u00e9der \u00e0 une plus grande compr\u00e9hension et utilisation de l\u2019Energie Universelle de Vie pour soi-m\u00eame et pour aider les autres, dans le respect du libre-arbitre de chacun.<\/p>\n<p>Le LaHoChi peut \u00eatre utilis\u00e9 seul ou en combinaison avec d\u2019autres syst\u00e8mes de soins.<\/p>\n<p>Le LaHoChi permet d\u2019acc\u00e9der et d\u2019int\u00e9grer des \u00e9nergies subtiles de gu\u00e9rison aux fr\u00e9quences plus \u00e9lev\u00e9es, ouvrant \u00e0 la conscience multidimensionnelle.<\/p>\n<p>Le LaHoChi restructure et \u00e9quilibre les corps subtils de l\u2019Etre,\u00a0<strong>particuli\u00e8rement lorsqu\u2019il y a eu un traumatisme dans le corps \u00e9motionnel.<\/strong><\/p>\n<p>&nbsp;<\/p>\n<h4><strong>Comment se d\u00e9roule une s\u00e9ance de LaHoChi\u00a0?<\/strong><\/h4>\n<p>Lorsque celle-ci se d\u00e9roule en pr\u00e9sence du praticien, au cabinet ou \u00e0 votre domicile, le receveur est allong\u00e9 sur le dos, sur la table de soins tout le long de la s\u00e9ance (table de massage).<br \/>\nIl est \u00e9galement possible de pratiquer diff\u00e9remment si le receveur \u00e9prouve des difficult\u00e9s \u00e0 \u00eatre dans cette position.<\/p>\n<p>Lorsque vous ne pouvez pas vous d\u00e9placer, il est possible de pratiquer ce soin \u00e0 distance. Je vous demande alors de me transmettre vos noms + pr\u00e9noms ainsi qu\u2019une photo.<br \/>\nL\u2019heure du soin est convenue avec vous et m\u00eame si les activit\u00e9s n\u2019interf\u00e8rent pas dans le protocole du soin \u00e0 distance, je pr\u00e9f\u00e8re que le receveur reste au calme durant toute la s\u00e9ance.<\/p>\n<p>La dur\u00e9e du soin est en moyenne d\u2019une heure.<\/p>\n<p>Lors d\u2019une s\u00e9ance de LaHoChi, le praticien dispose de cinq positions sp\u00e9cifiques de base o\u00f9 il place ses mains sur le corps du receveur.<br \/>\nElles couvrent la t\u00eate, le torse, les bras, les hanches et la r\u00e9gion des jambes et du c\u0153ur.<\/p>\n<p>Le praticien est enti\u00e8rement canal et se laisse guider pour envoyer l\u2019\u00e9nergie curative \u00e0 une ou des zones sp\u00e9cifiques sur le patient lorsque cela est n\u00e9cessaire.<\/p>\n<p>Les soins \u00e9nerg\u00e9tiques LaHoChi peuvent \u00eatre effectu\u00e9s en pr\u00e9sentiel ou \u00e0 distance sans que cela n\u2019affecte la qualit\u00e9 de ceux-ci.<\/p>\n<p>&nbsp;<\/p>\n<h4><strong>Le LaHoChi, pour qui\u00a0? Pour quoi\u00a0?<\/strong><\/h4>\n<p>&nbsp;<\/p>\n<p><strong>Les bienfaits du LaHoChi sont multiples<\/strong>, voici une liste (non exhaustive), fournie par Elizabeth CHANDLER :<\/p>\n<p><strong>Le LaHoChi ouvre les 21 centres d\u2019\u00e9nergie du corps<\/strong>\u00a0ou le syst\u00e8me d\u2019anatomie des m\u00e9ridiens.<\/p>\n<p>Le LaHoChi retisse le champ d\u2019\u00e9nergie en r\u00e9parant les br\u00e8ches, les d\u00e9chirures et les r\u00e9gions endommag\u00e9es par une vari\u00e9t\u00e9 d\u2019influence incluant une naissance difficile, une op\u00e9ration chirurgicale, la radiation, la drogue, les accidents, les blessures anciennes et pr\u00e9sentes de la vie, tous les types de traumatismes, les intoxications environnementales, les programmations n\u00e9gatives et les tendances g\u00e9n\u00e9tiques,<\/p>\n<p>Le LaHoChi introduit des vibrations de couleur et de sant\u00e9,<\/p>\n<p>Le LaHoChi am\u00e9liore, dans le champ \u00e9th\u00e9rique du corps, un traitement tel que l\u2019acupuncture par exemple,<\/p>\n<p>Le LaHoChi charge de vibrations les essences florales et min\u00e9rales,<\/p>\n<p>Le LaHoChi \u00e9quilibre la circulation du fluide cr\u00e2nien dans le cerveau et \u00e9quilibre le syst\u00e8me c\u00e9r\u00e9bro-spinal,<\/p>\n<p>Le LaHoChi ouvre les blocages dans les corps d\u2019\u00e9nergies subtiles,<\/p>\n<p>Le LaHoChi ouvre et nettoie le syst\u00e8me des chakras,<\/p>\n<p>Le LaHoChi r\u00e9aligne la structure du corps tel un syst\u00e8me de grille multidimensionnelle qui maintient le corps dans son int\u00e9grit\u00e9,<\/p>\n<p>Le LaHoChi d\u00e9noue les blocages \u00e9lectriques dans l\u2019\u00e9nergie du corps, semblable \u00e0 un r\u00e9seau de liens entre la m\u00e9moire cellulaire et le corps physique, afin que l\u2019information puisse passer librement,<\/p>\n<p>Le LaHoChi \u00e9largit le champ d\u2019\u00e9nergie,<\/p>\n<p>Le LaHoChi place la m\u00e9moire divine dans la couche externe du champ \u00e9nerg\u00e9tique qui transmettra la m\u00e9moire divine au corps entier,<\/p>\n<p>Le LaHoChi place la m\u00e9moire divine dans le champ \u00e9th\u00e9rique dans le but de gu\u00e9rir les d\u00e9s\u00e9quilibres,<\/p>\n<p>Le LaHoChi active le corps de lumi\u00e8re,<\/p>\n<p>Le LaHoChi acc\u00e9l\u00e8re la gu\u00e9rison et les dons spirituels.<\/p>\n<p><em><strong>Cette technique peut \u00eatre utilis\u00e9e pour les Humains, les animaux, les plantes et la Terre.<br \/>\nCes applications, comme pour le Reiki Usui, sont tr\u00e8s larges et il n\u2019existe pas de contre-indication.<\/strong><\/em><\/p>\n<p><em><strong>Comme pour les autres soins \u00e9nerg\u00e9tiques que je pratique, le LaHoChi ne se substitue pas \u00e0 un avis, un traitement m\u00e9dical.<br \/>\nVous ne devez pas stopper les traitements, les soins \u00e9nerg\u00e9tiques viennent en compl\u00e9ment de ceux-ci.<\/strong><\/em><\/p>\n<p><strong><em>Le praticien LaHoChi ne remplace en aucun cas votre m\u00e9decin traitant.<\/em><br \/>\n<em>Aucune personne ne sera re\u00e7ue dans le but de soigner une pathologie sans avoir re\u00e7u un avis d\u2019un professionnel de sant\u00e9 avant.<\/em><br \/>\n<\/strong><\/p>\n<p>&nbsp;<\/p>\n<h4><strong>Tarifs LaHoChi\u00a0:<\/strong><\/h4>\n<p><strong>Sur place, \u00e0 mon domicile :<\/strong><\/p>\n<p>50\u20ac\/la s\u00e9ance d&rsquo;environ 1h<\/p>\n<p><strong>A domicile, chez la personne :<\/strong><\/p>\n<p>60\u20ac\/la s\u00e9ance d&rsquo;environ 1h\u00a0 + frais kilom\u00e9triques au-del\u00e0 d\u2019un rayon de 5km (n\u2019h\u00e9sitez pas \u00e0 faire une demande pour connaitre les frais kilom\u00e9triques)<\/p>\n<p><strong>S\u00e9ance compl\u00e8te \u00e0 distance :<\/strong><\/p>\n<p>50\u20ac\/la s\u00e9ance d\u2019une heure environ<\/p>\n<p><strong>Forfait de 4 s\u00e9ances :<\/strong><\/p>\n<p>170\u20ac pour des s\u00e9ances \u00e0 mon domicile ou des s\u00e9ances compl\u00e8tes \u00e0 distance<br \/>\n210\u20ac \u00e0 domicile, chez la personne (+ frais kilom\u00e9triques applicables \u00e0 chaque d\u00e9placement \u00e0 domicile)<\/p>\n<p><strong>Sur un animal (sur place ou \u00e0 distance) :<\/strong><\/p>\n<p>De 30 \u00e0 50\u20ac (+ frais kilom\u00e9triques si d\u00e9placement)<\/p>\n","protected":false},"excerpt":{"rendered":"<p>Qu\u2019est ce que le LaHoChi\u00a0? Le LaHoChi est une m\u00e9thode soins non conventionnelle qui se pratique par l\u2019apposition des mains et qui a pour but &hellip;<\/p>\n","protected":false},"author":1,"featured_media":0,"parent":0,"menu_order":0,"comment_status":"closed","ping_status":"closed","template":"","meta":{"jetpack_post_was_ever_published":false,"footnotes":""},"class_list":["post-341","page","type-page","status-publish","hentry"],"jetpack_sharing_enabled":true,"jetpack_shortlink":"https:\/\/wp.me\/PaJnAX-5v","_links":{"self":[{"href":"https:\/\/energie-reiki.fr\/index.php?rest_route=\/wp\/v2\/pages\/341","targetHints":{"allow":["GET"]}}],"collection":[{"href":"https:\/\/energie-reiki.fr\/index.php?rest_route=\/wp\/v2\/pages"}],"about":[{"href":"https:\/\/energie-reiki.fr\/index.php?rest_route=\/wp\/v2\/types\/page"}],"author":[{"embeddable":true,"href":"https:\/\/energie-reiki.fr\/index.php?rest_route=\/wp\/v2\/users\/1"}],"replies":[{"embeddable":true,"href":"https:\/\/energie-reiki.fr\/index.php?rest_route=%2Fwp%2Fv2%2Fcomments&post=341"}],"version-history":[{"count":4,"href":"https:\/\/energie-reiki.fr\/index.php?rest_route=\/wp\/v2\/pages\/341\/revisions"}],"predecessor-version":[{"id":386,"href":"https:\/\/energie-reiki.fr\/index.php?rest_route=\/wp\/v2\/pages\/341\/revisions\/386"}],"wp:attachment":[{"href":"https:\/\/energie-reiki.fr\/index.php?rest_route=%2Fwp%2Fv2%2Fmedia&parent=341"}],"curies":[{"name":"wp","href":"https:\/\/api.w.org\/{rel}","templated":true}]}}