{"id":337,"date":"2020-03-13T18:27:32","date_gmt":"2020-03-13T17:27:32","guid":{"rendered":"https:\/\/energie-reiki.fr\/?page_id=337"},"modified":"2020-03-20T15:19:42","modified_gmt":"2020-03-20T14:19:42","slug":"reiki","status":"publish","type":"page","link":"https:\/\/energie-reiki.fr\/?page_id=337","title":{"rendered":"Reiki"},"content":{"rendered":"<h4>Qu\u2019est-ce que le Reiki\u00a0?<\/h4>\n<p>Le Reiki est une technique non conventionnelle d\u2019harmonisation des \u00e9nergies qui nous vient du Japon.<\/p>\n<p>C\u2019est une pratique non th\u00e9rapeutique et non m\u00e9dicale qui vise \u00e0 r\u00e9\u00e9quilibrer les \u00e9nergies qui parcourent votre corps par apposition des mains.<\/p>\n<p>A l\u2019instar du Magn\u00e9tiseur, le praticien Reiki impose les mains, mais contrairement \u00e0 lui il ne transf\u00e8re pas sa propre \u00e9nergie mais \u00ab\u00a0l\u2019\u00e9nergie de vie universelle\u00a0\u00bb (la m\u00eame qui circule d\u00e9j\u00e0 en vous\u00a0: l\u2019\u00e9nergie vitale), il agit tel un canal transmetteur. Le praticien ne d\u00e9cide rien, ne dirige rien, il ne gu\u00e9rit pas et ne pr\u00e9tend pas gu\u00e9rir. Il transmet au travers de ses mains, c\u2019est tout. L\u2019\u00e9nergie ainsi transmise parcourt alors seule vos corps physique et \u00e9motionnel pour aller agir l\u00e0 o\u00f9 elle est attendue et n\u00e9cessaire.<\/p>\n<p>Le Reiki n\u2019est pas un \u00ab\u00a0don\u00a0\u00bb, c\u2019est une technique qui s\u2019apprend. Le praticien Reiki doit \u00eatre form\u00e9 par un Ma\u00eetre-Reiki, \u00eatre initi\u00e9 par celui-ci. Il obtient alors une attestation \u00e0 la fin de sa formation et doit \u00eatre capable d\u2019en fournir le justificatif \u00e0 quiconque lui en fait la demande.<\/p>\n<p>C\u2019est une pratique \u00e9nerg\u00e9tique compl\u00e9mentaire. En ce sens elle ne remplace pas la m\u00e9decine allopathique mais l\u2019accompagne et \u00e9ventuellement, en optimise l\u2019efficacit\u00e9.<\/p>\n<p>C\u2019est une \u00e9nergie qui peut avoir des actions sur diff\u00e9rents plans de l\u2019\u00eatre\u00a0: corps, \u00e2me, esprit<\/p>\n<p>Il n\u2019y a aucune contre-indication ni effets secondaires.<\/p>\n<p>Enfin, le Reiki n\u2019est ni sectaire ni Religieux et vous n\u2019avez pas besoin \u00ab\u00a0d\u2019y croire\u00a0\u00bb pour que l\u2019\u00e9nergie transmise agisse.<\/p>\n<p>Le Reiki peut \u00e9galement \u00eatre envoy\u00e9 et re\u00e7u \u00e0 distance si la distance kilom\u00e9trique ou l&rsquo;\u00e9tat physique de la personne (ou l&rsquo;animal) ne permet pas un d\u00e9placement sans que cela n&rsquo;alt\u00e8re les effets b\u00e9n\u00e9fiques de celui-ci. Seul le protocole change.<\/p>\n<p>Pour ceux qui souhaitent approfondir le sujet et avoir des explications scientifiques sur l\u2019\u00e9nergie du Reiki, vous pouvez suivre ce lien <a href=\"http:\/\/www.reiki-toulouse.net\/archives\/2012\/03\/05\/23941212.html?fbclid=IwAR0xWRfnKhGqSCcque03HFbMJTPI_nxckV5lG4sJKdXl5cXA4N718_cphMM\" target=\"_blank\" rel=\"noopener noreferrer\"><strong>ICI<\/strong><\/a><\/p>\n<p>&nbsp;<\/p>\n<h4>Le Reiki, Pour qui\u00a0? Pour quoi\u00a0?<\/h4>\n<p>Le Reiki s\u2019adresse \u00e0 toute personne d\u00e9sirant se sentir mieux dans sa vie, dans sa peau, qu\u2019elle ait des souffrances physiques ou morales, une baisse d\u2019\u00e9nergie, qu\u2019elle soit dans un moment compliqu\u00e9 de sa vie, ou tout simplement afin d\u2019incorporer un nouvel outil de d\u00e9veloppement personnel dans sa vie et se sentir encore mieux.<\/p>\n<p>Il n\u2019y a pas de contre-indications li\u00e9es \u00e0 l\u2019\u00e2ge, \u00e0 l\u2019\u00e9tat physique, au sexe ou \u00e0 la religion, ni m\u00eame \u00e0 l\u2019esp\u00e8ce, puisque le Reiki s\u2019applique \u00e9galement aux animaux, mais \u00e9galement aux plantes, maisons, etc<\/p>\n<p>En cas de souffrances physiques (maladies, blessures) ou morales (d\u00e9pression) le Reiki peut \u00eatre une formidable aide et un compl\u00e9ment aux traitements m\u00e9dicaux en cours mais en aucun cas il ne remplacera la m\u00e9decine traditionnelle et le praticien Reiki ne se substituera jamais \u00e0 votre m\u00e9decin. Dans tous les cas avant de venir en s\u00e9ance, quelle que soit l\u2019origine de vos maux, il est recommand\u00e9 de consulter en premier un m\u00e9decin<\/p>\n<p>Voici une liste non exhaustive de cas sur lesquels le Reiki peut avoir des effets b\u00e9n\u00e9fiques<\/p>\n<ul>\n<li>Anxi\u00e9t\u00e9, stress<\/li>\n<li>D\u00e9pression<\/li>\n<li>Grossesse<\/li>\n<li>Douleurs chroniques<\/li>\n<li>Cicatrisation (br\u00fblure, coupure, op\u00e9ration)<\/li>\n<li>Accompagnement de personnes en fin de vie<\/li>\n<li>Troubles de l\u2019adolescence<\/li>\n<li>Baisse d\u2019\u00e9nergie, de moral<\/li>\n<li>Travail de deuil\/s\u00e9paration<\/li>\n<li>Am\u00e9lioration de la qualit\u00e9 de vie sur des pathologies lourdes et\/ou traitements lourds<\/li>\n<li>R\u00e9tablissement post-op\u00e9ratoire<\/li>\n<\/ul>\n<p>Le Reiki peut \u00e9galement \u00eatre envoy\u00e9 et re\u00e7u \u00e0 distance. Ses effets b\u00e9n\u00e9fiques n&rsquo;en sont pas alt\u00e9r\u00e9s<\/p>\n<h4>Tarifs Reiki :<\/h4>\n<h4>Sur place, \u00e0 mon domicile :<\/h4>\n<p>50\u20ac\/la s\u00e9ance d&rsquo;environ 1h (pr\u00e9voir 1h30 sur place)<\/p>\n<h4>A domicile, chez la personne :<\/h4>\n<p>60\u20ac\/la s\u00e9ance d&rsquo;environ 1h (pr\u00e9voir 1h30 sur place) + frais kilom\u00e9triques au-del\u00e0 d\u2019un rayon de 5km (n&rsquo;h\u00e9sitez pas \u00e0 envoyer un message pour connaitre le d\u00e9tail des frais kilom\u00e9triques)<\/p>\n<h4>S\u00e9ance compl\u00e8te \u00e0 distance :<\/h4>\n<p>50\u20ac\/la s\u00e9ance d\u2019une heure environ<\/p>\n<h4>Forfait de 4 s\u00e9ances (r\u00e9\u00e9quilibrage) :<\/h4>\n<p>170\u20ac pour des s\u00e9ances \u00e0 mon domicile ou des s\u00e9ances compl\u00e8tes \u00e0 distance<br \/>\n210\u20ac \u00e0 domicile, chez la personne (+ frais kilom\u00e9triques applicables \u00e0 chaque d\u00e9placement \u00e0 domicile)<\/p>\n<h4>Envoi de Reiki \u00e0 distance (envoi simple de 10 minutes sur 4 jours cons\u00e9cutifs)\u00a0:<\/h4>\n<p>30\u20ac<\/p>\n<h4>Sur un animal (sur place ou \u00e0 distance) :<\/h4>\n<p>De 30 \u00e0 50\u20ac (+ frais kilom\u00e9triques si d\u00e9placement)<\/p>\n","protected":false},"excerpt":{"rendered":"<p>Qu\u2019est-ce que le Reiki\u00a0? Le Reiki est une technique non conventionnelle d\u2019harmonisation des \u00e9nergies qui nous vient du Japon. C\u2019est une pratique non th\u00e9rapeutique et &hellip;<\/p>\n","protected":false},"author":1,"featured_media":0,"parent":0,"menu_order":0,"comment_status":"closed","ping_status":"closed","template":"","meta":{"jetpack_post_was_ever_published":false,"footnotes":""},"class_list":["post-337","page","type-page","status-publish","hentry"],"jetpack_sharing_enabled":true,"jetpack_shortlink":"https:\/\/wp.me\/PaJnAX-5r","_links":{"self":[{"href":"https:\/\/energie-reiki.fr\/index.php?rest_route=\/wp\/v2\/pages\/337","targetHints":{"allow":["GET"]}}],"collection":[{"href":"https:\/\/energie-reiki.fr\/index.php?rest_route=\/wp\/v2\/pages"}],"about":[{"href":"https:\/\/energie-reiki.fr\/index.php?rest_route=\/wp\/v2\/types\/page"}],"author":[{"embeddable":true,"href":"https:\/\/energie-reiki.fr\/index.php?rest_route=\/wp\/v2\/users\/1"}],"replies":[{"embeddable":true,"href":"https:\/\/energie-reiki.fr\/index.php?rest_route=%2Fwp%2Fv2%2Fcomments&post=337"}],"version-history":[{"count":6,"href":"https:\/\/energie-reiki.fr\/index.php?rest_route=\/wp\/v2\/pages\/337\/revisions"}],"predecessor-version":[{"id":385,"href":"https:\/\/energie-reiki.fr\/index.php?rest_route=\/wp\/v2\/pages\/337\/revisions\/385"}],"wp:attachment":[{"href":"https:\/\/energie-reiki.fr\/index.php?rest_route=%2Fwp%2Fv2%2Fmedia&parent=337"}],"curies":[{"name":"wp","href":"https:\/\/api.w.org\/{rel}","templated":true}]}}