{"id":127,"date":"2019-02-22T15:25:14","date_gmt":"2019-02-22T14:25:14","guid":{"rendered":"https:\/\/energie-reiki.fr\/?page_id=127"},"modified":"2019-02-22T15:25:14","modified_gmt":"2019-02-22T14:25:14","slug":"livre-dor","status":"publish","type":"page","link":"https:\/\/energie-reiki.fr\/?page_id=127","title":{"rendered":"Livre d&rsquo;or"},"content":{"rendered":"<div class=\"gwolle-gb\"><div class=\"gwolle-gb-messages-top-container\"><\/div>\n\t\t\t<div class=\"gwolle-gb-write-button\">\n\t\t\t\t<input type=\"button\" name=\"gwolle-gb-write-button\" class=\"button btn btn-default \" value=\"\u00c9crire un nouveau message\" aria-expanded=\"false\" \/>\n\t\t\t<\/div>\n\t\t\t<form action=\"#\" method=\"POST\" class=\"gwolle-gb-write gwolle-gb-hide gwolle-gb-float gwolle-gb-form-ajax gwolle-gb-ajax gwolle-gb-not-logged-in\">\n\t\t\t\t<h3>\u00c9crivez un nouveau message dans le livre d&#39;or<\/h3>\n\t\t\t\t<button type=\"button\" class=\"gb-notice-dismiss\">x<span class=\"screen-reader-text\">Masquer ce formulaire.<\/span><\/button>\n\t\t\t\n\t\t\t\t<input type=\"hidden\" name=\"gwolle_gb_function\" class=\"gwolle_gb_function\" value=\"add_entry\" \/><input type=\"hidden\" name=\"gwolle_gb_book_id\" class=\"gwolle_gb_book_id\" value=\"1\" \/><div class=\"gwolle_gb_1aefe843ca442a47b00c19a3545f711d\">\n\t\t\t\t<div class=\"label\"><label for=\"gwolle_gb_1aefe843ca442a47b00c19a3545f711d-1\" class=\"text-info\">Nom <span class=\"required\">*<\/span><\/label><\/div>\n\t\t\t\t<div class=\"input\"><input class=\"wp-exclude-emoji gwolle_gb_1aefe843ca442a47b00c19a3545f711d\" value=\"\" type=\"text\" id=\"gwolle_gb_1aefe843ca442a47b00c19a3545f711d-1\" name=\"gwolle_gb_1aefe843ca442a47b00c19a3545f711d\" required \/><\/div>\n\t\t\t\t<div class=\"clearBoth\">&nbsp;<\/div>\n\t\t\t<\/div><div class=\"gwolle_gb_3289f56f5d0a9705792c0e7a9e32cd40\">\n\t\t\t\t\t<div class=\"label\"><label for=\"gwolle_gb_3289f56f5d0a9705792c0e7a9e32cd40-1\" class=\"text-info\">Ville<\/label><\/div>\n\t\t\t\t\t<div class=\"input\"><input class=\"wp-exclude-emoji gwolle_gb_3289f56f5d0a9705792c0e7a9e32cd40\" value=\"\" type=\"text\" id=\"gwolle_gb_3289f56f5d0a9705792c0e7a9e32cd40-1\" name=\"gwolle_gb_3289f56f5d0a9705792c0e7a9e32cd40\" \/><\/div>\n\t\t\t\t\t<div class=\"clearBoth\">&nbsp;<\/div>\n\t\t\t\t<\/div><div class=\"gwolle_gb_5f68ed789831933a212ec9b65a5bc28e\">\n\t\t\t\t<div class=\"label\"><label for=\"gwolle_gb_5f68ed789831933a212ec9b65a5bc28e-1\" class=\"text-info\">E-mail <span class=\"required\">*<\/span><\/label><\/div>\n\t\t\t\t<div class=\"input\"><input class=\"gwolle_gb_5f68ed789831933a212ec9b65a5bc28e\" value=\"\" type=\"email\" id=\"gwolle_gb_5f68ed789831933a212ec9b65a5bc28e-1\" name=\"gwolle_gb_5f68ed789831933a212ec9b65a5bc28e\" required \/><\/div>\n\t\t\t\t<div class=\"clearBoth\">&nbsp;<\/div>\n\t\t\t<\/div><div class=\"gwolle_gb_a0da98412733ca0e6a9b8852c2c97316\">\n\t\t\t\t<div class=\"label\"><label for=\"gwolle_gb_a0da98412733ca0e6a9b8852c2c97316-1\" class=\"text-info\">Site web<\/label><\/div>\n\t\t\t\t<div class=\"input\"><input class=\"gwolle_gb_a0da98412733ca0e6a9b8852c2c97316\" value=\"\" type=\"url\" id=\"gwolle_gb_a0da98412733ca0e6a9b8852c2c97316-1\" name=\"gwolle_gb_a0da98412733ca0e6a9b8852c2c97316\" \/><\/div>\n\t\t\t\t<div class=\"clearBoth\">&nbsp;<\/div>\n\t\t\t<\/div>\n\t\t\t<div class=\"gwolle_gb_4178fc8d7f22b4f12a295051e01f718c\" style=\"display:none;overflow:hidden;\" hidden=\"true\" aria-hidden=\"true\">\n\t\t\t\t<div class=\"label\">\n\t\t\t\t\t<label for=\"gwolle_gb_4178fc8d7f22b4f12a295051e01f718c-1\" class=\"text-primary\">Ne touchez pas \u00e0 ceci<\/label>\n\t\t\t\t\t<label for=\"gwolle_gb_b65b7870ade6a30c87aa6612e2e038fa-1\" class=\"text-primary\">Ne touchez pas \u00e0 ceci<\/label>\n\t\t\t\t<\/div>\n\t\t\t\t<div class=\"input\">\n\t\t\t\t\t<input value=\"72\" type=\"text\" id=\"gwolle_gb_4178fc8d7f22b4f12a295051e01f718c-1\" name=\"gwolle_gb_4178fc8d7f22b4f12a295051e01f718c\" class=\"gwolle_gb_4178fc8d7f22b4f12a295051e01f718c\" style=\"transform: translateY(10000px);\" \/>\n\t\t\t\t\t<input value=\"\" type=\"text\" name=\"gwolle_gb_b65b7870ade6a30c87aa6612e2e038fa\" id=\"gwolle_gb_b65b7870ade6a30c87aa6612e2e038fa-1\" class=\"gwolle_gb_b65b7870ade6a30c87aa6612e2e038fa\" style=\"transform: translateY(10000px);\" \/>\n\t\t\t\t<\/div>\n\t\t\t\t<div class=\"clearBoth\"><\/div>\n\t\t\t<\/div>\n\t\t\t<div class=\"gwolle_gb_613e0b8114e668d906abeb30452ed68f\" style=\"display:none;overflow:hidden;\" hidden=\"true\" aria-hidden=\"true\">\n\t\t\t\t<div class=\"label\">\n\t\t\t\t\t<label for=\"gwolle_gb_613e0b8114e668d906abeb30452ed68f-1\" class=\"text-primary\">Ne touchez pas \u00e0 ceci<\/label>\n\t\t\t\t\t<label for=\"gwolle_gb_b870a14053c74803661b1e757096da6b-1\" class=\"text-primary\">Ne touchez pas \u00e0 ceci<\/label>\n\t\t\t\t<\/div>\n\t\t\t\t<div class=\"input\">\n\t\t\t\t\t<input value=\"57219\" type=\"text\" id=\"gwolle_gb_613e0b8114e668d906abeb30452ed68f-1\" name=\"gwolle_gb_613e0b8114e668d906abeb30452ed68f\" class=\"gwolle_gb_613e0b8114e668d906abeb30452ed68f\" style=\"transform: translateY(10000px);\" \/>\n\t\t\t\t\t<input value=\"57219\" type=\"text\"id=\"gwolle_gb_b870a14053c74803661b1e757096da6b-1\" name=\"gwolle_gb_b870a14053c74803661b1e757096da6b\" class=\"gwolle_gb_b870a14053c74803661b1e757096da6b\" style=\"transform: translateY(10000px);\" \/>\n\t\t\t\t<\/div>\n\t\t\t\t<div class=\"clearBoth\"><\/div>\n\t\t\t<\/div><div class=\"gwolle_gb_content\">\n\t\t\t\t<div class=\"label\"><label for=\"gwolle_gb_content-1\" class=\"text-info\">Message du livre d\u2019or <span class=\"required\">*<\/span><\/label><\/div>\n\t\t\t\t<div class=\"input\"><textarea id=\"gwolle_gb_content-1\" name=\"gwolle_gb_content\" class=\"gwolle_gb_content wp-exclude-emoji\" required ><\/textarea><\/div>\n\t\t\t\t\t<div class=\"clearBoth\">&nbsp;<\/div>\n\t\t\t\t<\/div>\n\t\t\t\t<div class=\"gwolle_gb_antispam gwolle-gb-antispam\">\n\t\t\t\t\t<div class=\"label\">\n\t\t\t\t\t\t<label for=\"gwolle_gb_695aeb46b15dfdcc31e2e4de10a342ae-1\" class=\"text-info\">Question\u00a0: 12 + six = <span class=\"required\">*<\/span><\/label>\n\t\t\t\t\t<\/div>\n\t\t\t\t\t<div class=\"input\"><input class=\"gwolle_gb_695aeb46b15dfdcc31e2e4de10a342ae\" value=\"\" type=\"text\" id=\"gwolle_gb_695aeb46b15dfdcc31e2e4de10a342ae-1\" name=\"gwolle_gb_695aeb46b15dfdcc31e2e4de10a342ae\" required \/>\n\t\t\t\t\t\t<\/div>\n\t\t\t\t\t\t<div class=\"clearBoth\">&nbsp;<\/div>\n\t\t\t\t\t<\/div><input type=\"hidden\" class=\"gwolle_gb_d16a94638630efa630da061ab6ec854a\" id=\"gwolle_gb_d16a94638630efa630da061ab6ec854a-1\" name=\"gwolle_gb_d16a94638630efa630da061ab6ec854a\" value=\"dc927ba115\" \/>\n\t\t\t<div class=\"gwolle-gb-messages-bottom-container\"><\/div>\n\n\t\t\t<noscript><div class=\"no-js\">Avertissement\u00a0: Ce formulaire ne peut \u00eatre utilis\u00e9 que si JavaScript est activ\u00e9 dans votre navigateur.<\/div><\/noscript>\n\n\t\t\t<div class=\"gwolle_gb_submit gwolle-gb-submit\">\n\t\t\t\t<div class=\"label gwolle-gb-invisible text-muted\">&nbsp;<\/div>\n\t\t\t\t<div class=\"input\">\n\t\t\t\t\t<input type=\"submit\" name=\"gwolle_gb_submit\" class=\"gwolle_gb_submit button btn btn-primary \" value=\"Envoyer\" \/>\n\t\t\t\t\t<span class=\"gwolle_gb_submit_ajax_icon gwolle-gb-submit-ajax-icon\"><\/span>\n\t\t\t\n\t\t\t\t<\/div>\n\t\t\t\t<div class=\"clearBoth\">&nbsp;<\/div>\n\t\t\t<\/div>\n\n\t\t\t<div class=\"gwolle_gb_notice gwolle-gb-notice\">\n\t\t\t\tLes champs marqu\u00e9s avec un * sont obligatoires.<br \/>\r\nVotre adresse e-mail ne sera pas publi\u00e9e.<br \/>\r\nIl se pourrait que votre message n\u2019apparaisse dans le livre d\u2019or qu\u2019apr\u00e8s que nous l\u2019ayons v\u00e9rifi\u00e9.<br \/>\r\nNous nous r\u00e9servons le droit de modifier, de supprimer, ou de ne pas publier les messages.\n\t\t\t<\/div><\/form><div class=\"gwolle-gb-read gwolle-gb-ajax gwolle-gb-entries-list\" data-book_id=\"1\" data-page_id=\"1\">\n\t\t<div id=\"gwolle-gb-total\" class=\"gwolle-gb-total\">8 messages.<\/div><!-- Gwolle-GB Entry: Default Template Loaded -->\n\t\t\t\t<div class=\"gb-entry gb-entry_17 gb-entry-count_1 gwolle-gb-uneven gwolle-gb-first\" id=\"gb-entry_17\" data-entry_id=\"17\">\n\t\t\t\t<article>\n\t\t\t\t\t<div class=\"gb-author-info\">\n\t\t\t\t\t\t<span class=\"gb-author-avatar\"><img referrerpolicy=\"no-referrer\" alt='Villalpando' src='https:\/\/secure.gravatar.com\/avatar\/55b05c82feae3dbced8aa60dd8b06096a88ac2e8f4e9d82c8e37ee9da94dd6a4?s=32&#038;d=mm&#038;r=g' srcset='https:\/\/secure.gravatar.com\/avatar\/55b05c82feae3dbced8aa60dd8b06096a88ac2e8f4e9d82c8e37ee9da94dd6a4?s=64&#038;d=mm&#038;r=g 2x' class='avatar avatar-32 photo' height='32' width='32' \/><\/span>\n\t\t\t\t\t\t<span class=\"gb-author-name\">Villalpando\n\t\t\t\t\t\t<\/span>\n\t\t\t\t\t\t<span class=\"gb-author-origin\">\n\t\t\t\t\t\t\t<span class=\"gb-author-origin-from-text\"> de<\/span>\n\t\t\t\t\t\t\t<span class=\"gb-author-origin-text\"> Nicolas<\/span>\n\t\t\t\t\t\t<\/span>\n\t\t\t\t\t\t<span class=\"gb-datetime\">\n\t\t\t\t\t\t\t<span class=\"gb-date\"><span class=\"gb-date-wrote-text\"> a \u00e9crit le<\/span><span class=\"gb-date-text\"> 15 f\u00e9vrier 2021<\/span>\n\t\t\t\t\t\t\t<\/span><span class=\"gb-time\">\n\t\t\t\t\t\t\t\t\t<span class=\"gb-time-at-text\"> \u00e0<\/span>\n\t\t\t\t\t\t\t\t\t<span class=\"gb-time-text\"> 9 h 14 min<\/span>\n\t\t\t\t\t\t\t\t<\/span>\n\t\t\t\t\t\t<\/span> \n\t\t\t\t\t<\/div>\n\t\t\t\t\t<div class=\"gb-entry-content\">Professionnalisme, comp\u00e9tences, aisance relationnelle, bonne humeur, r\u00e9el plus me concernant... Je ne sais pas par ou commencer... Cette formation Lahochi m&#039;a ouvert plus vers un monde qui me parle et que je vais enfin pourvoir mettre \u00e0 disposition des autres ce qui me tient \u00e0 coeur depuis tellement d&#039;ann\u00e9es!\nEncore merci S\u00e9verine pour ce que tu as fais pour moi...\n\t\t\t\t\t<\/div>\n\t\t\t\t<\/article>\n\t\t\t<\/div>\n\t\t\t<div class=\"gb-entry gb-entry_16 gb-entry-count_2 gwolle-gb-even\" id=\"gb-entry_16\" data-entry_id=\"16\">\n\t\t\t\t<article>\n\t\t\t\t\t<div class=\"gb-author-info\">\n\t\t\t\t\t\t<span class=\"gb-author-avatar\"><img referrerpolicy=\"no-referrer\" alt='Nicolas Rouy' src='https:\/\/secure.gravatar.com\/avatar\/7b8d454792f038c5a7fbcd74e1d19695242a866d8d28bbe326e3216944f4c918?s=32&#038;d=mm&#038;r=g' srcset='https:\/\/secure.gravatar.com\/avatar\/7b8d454792f038c5a7fbcd74e1d19695242a866d8d28bbe326e3216944f4c918?s=64&#038;d=mm&#038;r=g 2x' class='avatar avatar-32 photo' height='32' width='32' \/><\/span>\n\t\t\t\t\t\t<span class=\"gb-author-name\">Nicolas Rouy\n\t\t\t\t\t\t<\/span>\n\t\t\t\t\t\t<span class=\"gb-author-origin\">\n\t\t\t\t\t\t\t<span class=\"gb-author-origin-from-text\"> de<\/span>\n\t\t\t\t\t\t\t<span class=\"gb-author-origin-text\"> Lyon<\/span>\n\t\t\t\t\t\t<\/span>\n\t\t\t\t\t\t<span class=\"gb-datetime\">\n\t\t\t\t\t\t\t<span class=\"gb-date\"><span class=\"gb-date-wrote-text\"> a \u00e9crit le<\/span><span class=\"gb-date-text\"> 11 f\u00e9vrier 2021<\/span>\n\t\t\t\t\t\t\t<\/span><span class=\"gb-time\">\n\t\t\t\t\t\t\t\t\t<span class=\"gb-time-at-text\"> \u00e0<\/span>\n\t\t\t\t\t\t\t\t\t<span class=\"gb-time-text\"> 16 h 20 min<\/span>\n\t\t\t\t\t\t\t\t<\/span>\n\t\t\t\t\t\t<\/span> \n\t\t\t\t\t<\/div>\n\t\t\t\t\t<div class=\"gb-entry-content\">S\u00e9verine est une tr\u00e8s bonne th\u00e9rapeute FJ. Elle sait \u00eatre \u00e0 l&#039;\u00e9coute et est toujours dans la bienveillance. Elle prend le temps n\u00e9cessaire pour comprendre notre histoire. Et c&#039;est aussi une tr\u00e8s bonne formatrice.\n\t\t\t\t\t<\/div>\n\t\t\t\t<\/article>\n\t\t\t<\/div>\n\t\t\t<div class=\"gb-entry gb-entry_15 gb-entry-count_3 gwolle-gb-uneven\" id=\"gb-entry_15\" data-entry_id=\"15\">\n\t\t\t\t<article>\n\t\t\t\t\t<div class=\"gb-author-info\">\n\t\t\t\t\t\t<span class=\"gb-author-avatar\"><img referrerpolicy=\"no-referrer\" alt='Karine Brugidou' src='https:\/\/secure.gravatar.com\/avatar\/eb982ec382ee0559e4db26f136e0643da98dc13f410ab62bb3de7deb29da72ef?s=32&#038;d=mm&#038;r=g' srcset='https:\/\/secure.gravatar.com\/avatar\/eb982ec382ee0559e4db26f136e0643da98dc13f410ab62bb3de7deb29da72ef?s=64&#038;d=mm&#038;r=g 2x' class='avatar avatar-32 photo' height='32' width='32' \/><\/span>\n\t\t\t\t\t\t<span class=\"gb-author-name\">Karine Brugidou\n\t\t\t\t\t\t<\/span>\n\t\t\t\t\t\t<span class=\"gb-author-origin\">\n\t\t\t\t\t\t\t<span class=\"gb-author-origin-from-text\"> de<\/span>\n\t\t\t\t\t\t\t<span class=\"gb-author-origin-text\"> St Feliu d&#39;Avall<\/span>\n\t\t\t\t\t\t<\/span>\n\t\t\t\t\t\t<span class=\"gb-datetime\">\n\t\t\t\t\t\t\t<span class=\"gb-date\"><span class=\"gb-date-wrote-text\"> a \u00e9crit le<\/span><span class=\"gb-date-text\"> 13 octobre 2020<\/span>\n\t\t\t\t\t\t\t<\/span><span class=\"gb-time\">\n\t\t\t\t\t\t\t\t\t<span class=\"gb-time-at-text\"> \u00e0<\/span>\n\t\t\t\t\t\t\t\t\t<span class=\"gb-time-text\"> 23 h 12 min<\/span>\n\t\t\t\t\t\t\t\t<\/span>\n\t\t\t\t\t\t<\/span> \n\t\t\t\t\t<\/div>\n\t\t\t\t\t<div class=\"gb-entry-content\">Encore mille mercis S\u00e9verine pour l&#039;aide que tu nous apport\u00e9e aujourd&#039;hui. C&#039;est un grand soulagement de savoir Orus rentr\u00e9 chez lui gr\u00e2ce aux informations que tu as pu nous apporter. Avec toute mon amiti\u00e9 Karine\n\t\t\t\t\t<\/div>\n\t\t\t\t<\/article>\n\t\t\t<\/div>\n\t\t\t<div class=\"gb-entry gb-entry_11 gb-entry-count_4 gwolle-gb-even\" id=\"gb-entry_11\" data-entry_id=\"11\">\n\t\t\t\t<article>\n\t\t\t\t\t<div class=\"gb-author-info\">\n\t\t\t\t\t\t<span class=\"gb-author-avatar\"><img referrerpolicy=\"no-referrer\" alt='Sekhri NAathalie' src='https:\/\/secure.gravatar.com\/avatar\/b3edf3014a3396a281e84b5d7215ab9b9600cc6571dd693233194c1f1f129841?s=32&#038;d=mm&#038;r=g' srcset='https:\/\/secure.gravatar.com\/avatar\/b3edf3014a3396a281e84b5d7215ab9b9600cc6571dd693233194c1f1f129841?s=64&#038;d=mm&#038;r=g 2x' class='avatar avatar-32 photo' height='32' width='32' \/><\/span>\n\t\t\t\t\t\t<span class=\"gb-author-name\">Sekhri NAathalie\n\t\t\t\t\t\t<\/span>\n\t\t\t\t\t\t<span class=\"gb-author-origin\">\n\t\t\t\t\t\t\t<span class=\"gb-author-origin-from-text\"> de<\/span>\n\t\t\t\t\t\t\t<span class=\"gb-author-origin-text\"> Paris<\/span>\n\t\t\t\t\t\t<\/span>\n\t\t\t\t\t\t<span class=\"gb-datetime\">\n\t\t\t\t\t\t\t<span class=\"gb-date\"><span class=\"gb-date-wrote-text\"> a \u00e9crit le<\/span><span class=\"gb-date-text\"> 18 ao\u00fbt 2019<\/span>\n\t\t\t\t\t\t\t<\/span><span class=\"gb-time\">\n\t\t\t\t\t\t\t\t\t<span class=\"gb-time-at-text\"> \u00e0<\/span>\n\t\t\t\t\t\t\t\t\t<span class=\"gb-time-text\"> 20 h 57 min<\/span>\n\t\t\t\t\t\t\t\t<\/span>\n\t\t\t\t\t\t<\/span> \n\t\t\t\t\t<\/div>\n\t\t\t\t\t<div class=\"gb-entry-content\">Bonjour Madame .\r\nJe sollicite votre bienveillance.,je suis \u00e0 la recherche d &#039;un Maitre reki pour le 1  niveau.\r\nJ&#039; habite Paris .\r\nJe me tiens \u00e0 votre disposition.\r\nCordialement.\r\nNathalie\n\t\t\t\t\t<\/div>\n\t\t\t\t\t<div class=\"gb-entry-admin_reply\">\n\t\t\t\t\t\t<div class=\"gb-admin-reply-uid\">\n\t\t\t\t\t\t\t<em>R\u00e9ponse d\u2019administrateur par\u00a0: contact@energie-reiki.fr<\/em>\n\t\t\t\t\t\t<\/div> \n\t\t\t\t\t\t<div class=\"gb-admin-reply-content\">\n\t\t\t\t\t\tBonsoir Nathalie\r\nVous pouvez vous rapprocher du SNPER (www.snper.org ) \r\nUne carte des adh\u00e9rents est disponible sur ce site. Sans nul doute que vous trouverez le Ma\u00eetre-Reiki qui pourra vous initier au niveau 1.\r\nBien amicalement\r\nS\u00e9verine\n\t\t\t\t\t\t<\/div>\n\t\t\t\t\t<\/div>\n\t\t\t\t<\/article>\n\t\t\t<\/div>\n\t\t\t<div class=\"gb-entry gb-entry_10 gb-entry-count_5 gwolle-gb-uneven\" id=\"gb-entry_10\" data-entry_id=\"10\">\n\t\t\t\t<article>\n\t\t\t\t\t<div class=\"gb-author-info\">\n\t\t\t\t\t\t<span class=\"gb-author-avatar\"><img referrerpolicy=\"no-referrer\" alt='danye Chauche' src='https:\/\/secure.gravatar.com\/avatar\/7556a2fe91865b7c17fdcb38a261fe8933f3759f9fdb870b290d3d40ccd4e54c?s=32&#038;d=mm&#038;r=g' srcset='https:\/\/secure.gravatar.com\/avatar\/7556a2fe91865b7c17fdcb38a261fe8933f3759f9fdb870b290d3d40ccd4e54c?s=64&#038;d=mm&#038;r=g 2x' class='avatar avatar-32 photo' height='32' width='32' \/><\/span>\n\t\t\t\t\t\t<span class=\"gb-author-name\">danye Chauche\n\t\t\t\t\t\t<\/span>\n\t\t\t\t\t\t<span class=\"gb-author-origin\">\n\t\t\t\t\t\t\t<span class=\"gb-author-origin-from-text\"> de<\/span>\n\t\t\t\t\t\t\t<span class=\"gb-author-origin-text\"> Lindebeuf<\/span>\n\t\t\t\t\t\t<\/span>\n\t\t\t\t\t\t<span class=\"gb-datetime\">\n\t\t\t\t\t\t\t<span class=\"gb-date\"><span class=\"gb-date-wrote-text\"> a \u00e9crit le<\/span><span class=\"gb-date-text\"> 30 juin 2019<\/span>\n\t\t\t\t\t\t\t<\/span><span class=\"gb-time\">\n\t\t\t\t\t\t\t\t\t<span class=\"gb-time-at-text\"> \u00e0<\/span>\n\t\t\t\t\t\t\t\t\t<span class=\"gb-time-text\"> 9 h 14 min<\/span>\n\t\t\t\t\t\t\t\t<\/span>\n\t\t\t\t\t\t<\/span> \n\t\t\t\t\t<\/div>\n\t\t\t\t\t<div class=\"gb-entry-content\">Bon jour S\u00e9verine\r\nNous ne nous connaissons pas mais je suis moi m\u00eame praticienne et formatrice de Reiki en seine maritime pr\u00e8s de Yerville. \r\nJe note vos coordonn\u00e9es pour toute personne recherchant une praticienne dans l&#039;Eure .\r\nPeut \u00eatre aurons nous l&#039;occasion de nous rencontrer un jour. \r\nAmiti\u00e9s Reiki \r\nDanye Chauche \r\n06 10 18 68 71\r\nLindebeuf\n\t\t\t\t\t<\/div>\n\t\t\t\t\t<div class=\"gb-entry-admin_reply\">\n\t\t\t\t\t\t<div class=\"gb-admin-reply-uid\">\n\t\t\t\t\t\t\t<em>R\u00e9ponse d\u2019administrateur par\u00a0: contact@energie-reiki.fr<\/em>\n\t\t\t\t\t\t<\/div> \n\t\t\t\t\t\t<div class=\"gb-admin-reply-content\">\n\t\t\t\t\t\tAvec grand plaisir Danye. Merci beaucoup\n\t\t\t\t\t\t<\/div>\n\t\t\t\t\t<\/div>\n\t\t\t\t<\/article>\n\t\t\t<\/div>\n\t\t\t<div class=\"gb-entry gb-entry_9 gb-entry-count_6 gwolle-gb-even\" id=\"gb-entry_9\" data-entry_id=\"9\">\n\t\t\t\t<article>\n\t\t\t\t\t<div class=\"gb-author-info\">\n\t\t\t\t\t\t<span class=\"gb-author-avatar\"><img referrerpolicy=\"no-referrer\" alt='Anouk' src='https:\/\/secure.gravatar.com\/avatar\/f22cebb9c45c4da13f851074213516e506ff1899e70a39ded6c267419b1041bb?s=32&#038;d=mm&#038;r=g' srcset='https:\/\/secure.gravatar.com\/avatar\/f22cebb9c45c4da13f851074213516e506ff1899e70a39ded6c267419b1041bb?s=64&#038;d=mm&#038;r=g 2x' class='avatar avatar-32 photo' height='32' width='32' \/><\/span>\n\t\t\t\t\t\t<span class=\"gb-author-name\">Anouk\n\t\t\t\t\t\t<\/span>\n\t\t\t\t\t\t<span class=\"gb-author-origin\">\n\t\t\t\t\t\t\t<span class=\"gb-author-origin-from-text\"> de<\/span>\n\t\t\t\t\t\t\t<span class=\"gb-author-origin-text\"> St Laurent d&#39;Agny<\/span>\n\t\t\t\t\t\t<\/span>\n\t\t\t\t\t\t<span class=\"gb-datetime\">\n\t\t\t\t\t\t\t<span class=\"gb-date\"><span class=\"gb-date-wrote-text\"> a \u00e9crit le<\/span><span class=\"gb-date-text\"> 22 f\u00e9vrier 2019<\/span>\n\t\t\t\t\t\t\t<\/span><span class=\"gb-time\">\n\t\t\t\t\t\t\t\t\t<span class=\"gb-time-at-text\"> \u00e0<\/span>\n\t\t\t\t\t\t\t\t\t<span class=\"gb-time-text\"> 21 h 53 min<\/span>\n\t\t\t\t\t\t\t\t<\/span>\n\t\t\t\t\t\t<\/span> \n\t\t\t\t\t<\/div>\n\t\t\t\t\t<div class=\"gb-entry-content\">Un peu caboss\u00e9e par la vie et suite a une reconstruction personnelle je sentait qu&#039;il y avait encore quelques  points de bloquages que je ne reussissait pas a deverouiller .S\u00e9verine m&#039;a apport\u00e9 son aide bienveillante et m&#039;a convaincue de me prodiguer une seance de Re\u00efki.Assez terre a terre j&#039;etait pourtant dubitative.Quel effet benefique!!! J&#039;ai pleur\u00e9 de bien etre sur la table et me suis sentie alleg\u00e9e , merveilleusement bien et les points de blocage ses sont deverouill\u00e9s !!!\r\nJe ne remercierais jamais assez cette personne bienveillante , professionelle  passionee , competante et respectueuse qu&#039;est S\u00e9verine.Gra\u00e7e a son aide je me sent vraiment bien aujourd&#039;hui\n\t\t\t\t\t<\/div>\n\t\t\t\t<\/article>\n\t\t\t<\/div>\n\t\t\t<div class=\"gb-entry gb-entry_8 gb-entry-count_7 gwolle-gb-uneven\" id=\"gb-entry_8\" data-entry_id=\"8\">\n\t\t\t\t<article>\n\t\t\t\t\t<div class=\"gb-author-info\">\n\t\t\t\t\t\t<span class=\"gb-author-avatar\"><img referrerpolicy=\"no-referrer\" alt='Zeeh' src='https:\/\/secure.gravatar.com\/avatar\/8bfcd161c7f05774467479d89c5dbdfc28714362db9e554ff9fa12c0355c981e?s=32&#038;d=mm&#038;r=g' srcset='https:\/\/secure.gravatar.com\/avatar\/8bfcd161c7f05774467479d89c5dbdfc28714362db9e554ff9fa12c0355c981e?s=64&#038;d=mm&#038;r=g 2x' class='avatar avatar-32 photo' height='32' width='32' \/><\/span>\n\t\t\t\t\t\t<span class=\"gb-author-name\">Zeeh\n\t\t\t\t\t\t<\/span>\n\t\t\t\t\t\t<span class=\"gb-author-origin\">\n\t\t\t\t\t\t\t<span class=\"gb-author-origin-from-text\"> de<\/span>\n\t\t\t\t\t\t\t<span class=\"gb-author-origin-text\"> Saint laurent des arbres<\/span>\n\t\t\t\t\t\t<\/span>\n\t\t\t\t\t\t<span class=\"gb-datetime\">\n\t\t\t\t\t\t\t<span class=\"gb-date\"><span class=\"gb-date-wrote-text\"> a \u00e9crit le<\/span><span class=\"gb-date-text\"> 22 f\u00e9vrier 2019<\/span>\n\t\t\t\t\t\t\t<\/span><span class=\"gb-time\">\n\t\t\t\t\t\t\t\t\t<span class=\"gb-time-at-text\"> \u00e0<\/span>\n\t\t\t\t\t\t\t\t\t<span class=\"gb-time-text\"> 18 h 49 min<\/span>\n\t\t\t\t\t\t\t\t<\/span>\n\t\t\t\t\t\t<\/span> \n\t\t\t\t\t<\/div>\n\t\t\t\t\t<div class=\"gb-entry-content\">Mme Colm\u00e9 m&#039;a fait d\u00e9couvrir le Reiki et cette nouvelle mani\u00e8re de voir les choses qui change vraiment la vie. La prise de conscience, zenitude et enfin toute cette belle \u00e9nergie qui afflux m&#039;ont apport\u00e9s \u00e9norm\u00e9ment de changements qui m&#039;ont permis d&#039;\u00e9voluer. J&#039;ai pass\u00e9 mon niveau 1 et je compte bien all\u00e9 plus loin...N&#039;h\u00e9sitez pas une seconde \r\nMerci S\u00e9verine\n\t\t\t\t\t<\/div>\n\t\t\t\t<\/article>\n\t\t\t<\/div>\n\t\t\t<div class=\"gb-entry gb-entry_6 gb-entry-count_8 gwolle-gb-even\" id=\"gb-entry_6\" data-entry_id=\"6\">\n\t\t\t\t<article>\n\t\t\t\t\t<div class=\"gb-author-info\">\n\t\t\t\t\t\t<span class=\"gb-author-avatar\"><img referrerpolicy=\"no-referrer\" alt='Duvernay' src='https:\/\/secure.gravatar.com\/avatar\/65ccd93b043949142a64cd3d026946a5940f1c3bf5c70f4c4a82efae32dd72e3?s=32&#038;d=mm&#038;r=g' srcset='https:\/\/secure.gravatar.com\/avatar\/65ccd93b043949142a64cd3d026946a5940f1c3bf5c70f4c4a82efae32dd72e3?s=64&#038;d=mm&#038;r=g 2x' class='avatar avatar-32 photo' height='32' width='32' \/><\/span>\n\t\t\t\t\t\t<span class=\"gb-author-name\">Duvernay\n\t\t\t\t\t\t<\/span>\n\t\t\t\t\t\t<span class=\"gb-datetime\">\n\t\t\t\t\t\t\t<span class=\"gb-date\"><span class=\"gb-date-wrote-text\"> a \u00e9crit le<\/span><span class=\"gb-date-text\"> 22 f\u00e9vrier 2019<\/span>\n\t\t\t\t\t\t\t<\/span><span class=\"gb-time\">\n\t\t\t\t\t\t\t\t\t<span class=\"gb-time-at-text\"> \u00e0<\/span>\n\t\t\t\t\t\t\t\t\t<span class=\"gb-time-text\"> 17 h 09 min<\/span>\n\t\t\t\t\t\t\t\t<\/span>\n\t\t\t\t\t\t<\/span> \n\t\t\t\t\t<\/div>\n\t\t\t\t\t<div class=\"gb-entry-content\">Venue pour un probl\u00e8me de fatigue extr\u00eame, tant \u00e9motionelle que physiologique, sujette \u00e0 une r\u00e9tention d&#039;eau chronique et au syndrome de reynaud, j&#039;ai \u00e9t\u00e9 stup\u00e9faite par un r\u00e9sultat imm\u00e9diat en fin de s\u00e9ance et durant 3 jours d&#039;affil\u00e9, en effet un drainage particuli\u00e8rement rapide et au combien soulageant ! L&#039;accompagnement moral est vraiment efficace car la pratitienne vous donne des cl\u00e9fs et conseils \u00e0 mettre en pratique facilement, qui d&#039;ailleurs on conclus a un \u00e9tat moral positif dans les semaines qui on suivis. Je l&#039;a remercie vraiment. Combien de temps aurait -je mis sans se passage au reiki?\r\nMerci tout simplement\n\t\t\t\t\t<\/div>\n\t\t\t\t<\/article>\n\t\t\t<\/div>\n\t\t\t<\/div><\/div>\n","protected":false},"excerpt":{"rendered":"","protected":false},"author":1,"featured_media":0,"parent":0,"menu_order":0,"comment_status":"closed","ping_status":"closed","template":"","meta":{"jetpack_post_was_ever_published":false,"footnotes":""},"class_list":["post-127","page","type-page","status-publish","hentry"],"jetpack_sharing_enabled":true,"jetpack_shortlink":"https:\/\/wp.me\/PaJnAX-23","_links":{"self":[{"href":"https:\/\/energie-reiki.fr\/index.php?rest_route=\/wp\/v2\/pages\/127","targetHints":{"allow":["GET"]}}],"collection":[{"href":"https:\/\/energie-reiki.fr\/index.php?rest_route=\/wp\/v2\/pages"}],"about":[{"href":"https:\/\/energie-reiki.fr\/index.php?rest_route=\/wp\/v2\/types\/page"}],"author":[{"embeddable":true,"href":"https:\/\/energie-reiki.fr\/index.php?rest_route=\/wp\/v2\/users\/1"}],"replies":[{"embeddable":true,"href":"https:\/\/energie-reiki.fr\/index.php?rest_route=%2Fwp%2Fv2%2Fcomments&post=127"}],"version-history":[{"count":1,"href":"https:\/\/energie-reiki.fr\/index.php?rest_route=\/wp\/v2\/pages\/127\/revisions"}],"predecessor-version":[{"id":128,"href":"https:\/\/energie-reiki.fr\/index.php?rest_route=\/wp\/v2\/pages\/127\/revisions\/128"}],"wp:attachment":[{"href":"https:\/\/energie-reiki.fr\/index.php?rest_route=%2Fwp%2Fv2%2Fmedia&parent=127"}],"curies":[{"name":"wp","href":"https:\/\/api.w.org\/{rel}","templated":true}]}}