{"id":10,"date":"2019-01-13T13:33:58","date_gmt":"2019-01-13T13:33:58","guid":{"rendered":"https:\/\/energie-reiki.fr\/?page_id=10"},"modified":"2021-10-29T08:58:50","modified_gmt":"2021-10-29T07:58:50","slug":"accueil","status":"publish","type":"page","link":"https:\/\/energie-reiki.fr\/","title":{"rendered":"Accueil"},"content":{"rendered":"<h1 style=\"text-align: center;\"><strong><em>S\u00e9verine Colm\u00e9<\/em><\/strong><\/h1>\n<h1 style=\"text-align: center;\"><i>Praticienne en hypnose et soins \u00e9nerg\u00e9tiques<br \/>\nAccompagnement th\u00e9rapeutique<\/i><\/h1>\n<p>&nbsp;<\/p>\n<h6 style=\"text-align: center;\">Attention : changement d&rsquo;horaires \u00e0 compter du 1er Novembre 2021 !<br \/>\nLes RDV en pr\u00e9sentiel ne sont possibles qu&rsquo; UNIQUEMENT \u00e0 partir de 18h du lundi au vendredi<br \/>\nainsi que le samedi toute la journ\u00e9e<br \/>\nLe distanciel est toujours possible<br \/>\nMerci d&rsquo;en prendre note<\/h6>\n<p>&nbsp;<\/p>\n<div class=\"text_exposed_show\">\n<h4 style=\"text-align: center;\"><\/h4>\n<\/div>\n<p>&nbsp;<\/p>\n<p><img loading=\"lazy\" decoding=\"async\" class=\"size-full wp-image-107 aligncenter\" src=\"https:\/\/energie-reiki.fr\/wp-content\/uploads\/2019\/02\/accueil-1.png\" alt=\"\" width=\"2000\" height=\"2000\" srcset=\"https:\/\/energie-reiki.fr\/wp-content\/uploads\/2019\/02\/accueil-1.png 2000w, https:\/\/energie-reiki.fr\/wp-content\/uploads\/2019\/02\/accueil-1-150x150.png 150w, https:\/\/energie-reiki.fr\/wp-content\/uploads\/2019\/02\/accueil-1-300x300.png 300w, https:\/\/energie-reiki.fr\/wp-content\/uploads\/2019\/02\/accueil-1-768x768.png 768w, https:\/\/energie-reiki.fr\/wp-content\/uploads\/2019\/02\/accueil-1-1024x1024.png 1024w, https:\/\/energie-reiki.fr\/wp-content\/uploads\/2019\/02\/accueil-1-350x350.png 350w\" sizes=\"auto, (max-width: 2000px) 100vw, 2000px\" \/><\/p>\n<p>&nbsp;<\/p>\n","protected":false},"excerpt":{"rendered":"<p>S\u00e9verine Colm\u00e9 Praticienne en hypnose et soins \u00e9nerg\u00e9tiques Accompagnement th\u00e9rapeutique &nbsp; Attention : changement d&rsquo;horaires \u00e0 compter du 1er Novembre 2021 ! Les RDV en &hellip;<\/p>\n","protected":false},"author":1,"featured_media":0,"parent":0,"menu_order":0,"comment_status":"closed","ping_status":"closed","template":"","meta":{"jetpack_post_was_ever_published":false,"footnotes":""},"class_list":["post-10","page","type-page","status-publish","hentry"],"jetpack_sharing_enabled":true,"jetpack_shortlink":"https:\/\/wp.me\/PaJnAX-a","_links":{"self":[{"href":"https:\/\/energie-reiki.fr\/index.php?rest_route=\/wp\/v2\/pages\/10","targetHints":{"allow":["GET"]}}],"collection":[{"href":"https:\/\/energie-reiki.fr\/index.php?rest_route=\/wp\/v2\/pages"}],"about":[{"href":"https:\/\/energie-reiki.fr\/index.php?rest_route=\/wp\/v2\/types\/page"}],"author":[{"embeddable":true,"href":"https:\/\/energie-reiki.fr\/index.php?rest_route=\/wp\/v2\/users\/1"}],"replies":[{"embeddable":true,"href":"https:\/\/energie-reiki.fr\/index.php?rest_route=%2Fwp%2Fv2%2Fcomments&post=10"}],"version-history":[{"count":34,"href":"https:\/\/energie-reiki.fr\/index.php?rest_route=\/wp\/v2\/pages\/10\/revisions"}],"predecessor-version":[{"id":453,"href":"https:\/\/energie-reiki.fr\/index.php?rest_route=\/wp\/v2\/pages\/10\/revisions\/453"}],"wp:attachment":[{"href":"https:\/\/energie-reiki.fr\/index.php?rest_route=%2Fwp%2Fv2%2Fmedia&parent=10"}],"curies":[{"name":"wp","href":"https:\/\/api.w.org\/{rel}","templated":true}]}}